{"id":713,"date":"2023-10-13T15:52:11","date_gmt":"2023-10-13T15:52:11","guid":{"rendered":"https:\/\/ecomof.org\/?page_id=713"},"modified":"2023-12-30T23:29:51","modified_gmt":"2023-12-30T23:29:51","slug":"pole-petrole","status":"publish","type":"page","link":"https:\/\/ecomof.org\/en\/pole-petrole\/","title":{"rendered":"Oil Division"},"content":{"rendered":"<div data-elementor-type=\"wp-page\" data-elementor-id=\"713\" class=\"elementor elementor-713\" data-elementor-post-type=\"page\">\n\t\t\t\t\t\t<section data-particle_enable=\"false\" data-particle-mobile-disabled=\"false\" class=\"elementor-section elementor-top-section elementor-element elementor-element-7832ab43 elementor-section-boxed elementor-section-height-default elementor-section-height-default\" data-id=\"7832ab43\" data-element_type=\"section\" data-settings=\"{&quot;background_background&quot;:&quot;classic&quot;}\">\n\t\t\t\t\t\t<div class=\"elementor-container elementor-column-gap-default\">\n\t\t\t\t\t<div class=\"elementor-column elementor-col-50 elementor-top-column elementor-element elementor-element-234feff9\" data-id=\"234feff9\" data-element_type=\"column\">\n\t\t\t<div class=\"elementor-widget-wrap elementor-element-populated\">\n\t\t\t\t\t\t<div class=\"elementor-element elementor-element-34584b86 elementor-widget elementor-widget-heading\" data-id=\"34584b86\" data-element_type=\"widget\" data-widget_type=\"heading.default\">\n\t\t\t\t<div class=\"elementor-widget-container\">\n\t\t\t<style>\/*! elementor - v3.19.0 - 07-02-2024 *\/\n.elementor-heading-title{padding:0;margin:0;line-height:1}.elementor-widget-heading .elementor-heading-title[class*=elementor-size-]>a{color:inherit;font-size:inherit;line-height:inherit}.elementor-widget-heading .elementor-heading-title.elementor-size-small{font-size:15px}.elementor-widget-heading .elementor-heading-title.elementor-size-medium{font-size:19px}.elementor-widget-heading .elementor-heading-title.elementor-size-large{font-size:29px}.elementor-widget-heading .elementor-heading-title.elementor-size-xl{font-size:39px}.elementor-widget-heading .elementor-heading-title.elementor-size-xxl{font-size:59px}<\/style><h2 class=\"elementor-heading-title elementor-size-default\">Oil Division<\/h2>\t\t<\/div>\n\t\t\t\t<\/div>\n\t\t\t\t\t<\/div>\n\t\t<\/div>\n\t\t\t\t<div class=\"elementor-column elementor-col-50 elementor-top-column elementor-element elementor-element-cb77ee2 elementor-hidden-mobile\" data-id=\"cb77ee2\" data-element_type=\"column\">\n\t\t\t<div class=\"elementor-widget-wrap\">\n\t\t\t\t\t\t\t<\/div>\n\t\t<\/div>\n\t\t\t\t\t<\/div>\n\t\t<\/section>\n\t\t\t\t<section data-particle_enable=\"false\" data-particle-mobile-disabled=\"false\" class=\"elementor-section elementor-top-section elementor-element elementor-element-fd568f4 elementor-section-boxed elementor-section-height-default elementor-section-height-default\" data-id=\"fd568f4\" data-element_type=\"section\">\n\t\t\t\t\t\t<div class=\"elementor-container elementor-column-gap-default\">\n\t\t\t\t\t<div class=\"elementor-column elementor-col-100 elementor-top-column elementor-element elementor-element-11f6e5e\" data-id=\"11f6e5e\" data-element_type=\"column\">\n\t\t\t<div class=\"elementor-widget-wrap elementor-element-populated\">\n\t\t\t\t\t\t<section data-particle_enable=\"false\" data-particle-mobile-disabled=\"false\" class=\"elementor-section elementor-inner-section elementor-element elementor-element-d67a9c8 elementor-section-boxed elementor-section-height-default elementor-section-height-default\" data-id=\"d67a9c8\" data-element_type=\"section\">\n\t\t\t\t\t\t<div class=\"elementor-container elementor-column-gap-default\">\n\t\t\t\t\t<div class=\"elementor-column elementor-col-50 elementor-inner-column elementor-element elementor-element-f30680b\" data-id=\"f30680b\" data-element_type=\"column\">\n\t\t\t<div class=\"elementor-widget-wrap elementor-element-populated\">\n\t\t\t\t\t\t<div class=\"elementor-element elementor-element-5d3e867 elementor-widget elementor-widget-heading\" data-id=\"5d3e867\" data-element_type=\"widget\" data-widget_type=\"heading.default\">\n\t\t\t\t<div class=\"elementor-widget-container\">\n\t\t\t<h2 class=\"elementor-heading-title elementor-size-default\">Oil Division<\/h2>\t\t<\/div>\n\t\t\t\t<\/div>\n\t\t\t\t<div class=\"elementor-element elementor-element-8c36157 elementor-widget elementor-widget-text-editor\" data-id=\"8c36157\" data-element_type=\"widget\" data-widget_type=\"text-editor.default\">\n\t\t\t\t<div class=\"elementor-widget-container\">\n\t\t\t<style>\/*! elementor - v3.19.0 - 07-02-2024 *\/\n.elementor-widget-text-editor.elementor-drop-cap-view-stacked .elementor-drop-cap{background-color:#69727d;color:#fff}.elementor-widget-text-editor.elementor-drop-cap-view-framed .elementor-drop-cap{color:#69727d;border:3px solid;background-color:transparent}.elementor-widget-text-editor:not(.elementor-drop-cap-view-default) .elementor-drop-cap{margin-top:8px}.elementor-widget-text-editor:not(.elementor-drop-cap-view-default) .elementor-drop-cap-letter{width:1em;height:1em}.elementor-widget-text-editor .elementor-drop-cap{float:left;text-align:center;line-height:1;font-size:50px}.elementor-widget-text-editor .elementor-drop-cap-letter{display:inline-block}<\/style>\t\t\t\t<p>The Oil Hub at ECOMOF 2024 offers a full immersion into the dynamic world of the West African oil industry. Exhibitors in this hub will showcase innovative projects, cutting-edge technologies and strategic solutions that are shaping the region's oil landscape. Specialist sessions will highlight the latest technological advances, global oil market trends and sustainable development initiatives in the sector. Participants will have the opportunity to engage in in-depth discussions with experts in the field, explore investment opportunities, and understand the specific challenges facing the oil sector in the ECOWAS context. In short, the Oil Hub will be the focal point for the major players, innovators and investors shaping the future of the oil industry in West Africa.<\/p>\t\t\t\t\t\t<\/div>\n\t\t\t\t<\/div>\n\t\t\t\t\t<\/div>\n\t\t<\/div>\n\t\t\t\t<div class=\"elementor-column elementor-col-50 elementor-inner-column elementor-element elementor-element-da778b5\" data-id=\"da778b5\" data-element_type=\"column\">\n\t\t\t<div class=\"elementor-widget-wrap elementor-element-populated\">\n\t\t\t\t\t\t<div class=\"elementor-element elementor-element-84b5954 elementor-widget elementor-widget-image\" data-id=\"84b5954\" data-element_type=\"widget\" data-widget_type=\"image.default\">\n\t\t\t\t<div class=\"elementor-widget-container\">\n\t\t\t<style>\/*! elementor - v3.19.0 - 07-02-2024 *\/\n.elementor-widget-image{text-align:center}.elementor-widget-image a{display:inline-block}.elementor-widget-image a img[src$=\".svg\"]{width:48px}.elementor-widget-image img{vertical-align:middle;display:inline-block}<\/style>\t\t\t\t\t\t\t\t\t\t<img fetchpriority=\"high\" decoding=\"async\" width=\"512\" height=\"384\" src=\"https:\/\/ecomof.org\/wp-content\/uploads\/2023\/10\/6.png\" class=\"attachment-large size-large wp-image-186\" alt=\"\" srcset=\"https:\/\/ecomof.org\/wp-content\/uploads\/2023\/10\/6.png 512w, https:\/\/ecomof.org\/wp-content\/uploads\/2023\/10\/6-300x225.png 300w, https:\/\/ecomof.org\/wp-content\/uploads\/2023\/10\/6-16x12.png 16w\" sizes=\"(max-width: 512px) 100vw, 512px\" \/>\t\t\t\t\t\t\t\t\t\t\t\t\t<\/div>\n\t\t\t\t<\/div>\n\t\t\t\t\t<\/div>\n\t\t<\/div>\n\t\t\t\t\t<\/div>\n\t\t<\/section>\n\t\t\t\t\t<\/div>\n\t\t<\/div>\n\t\t\t\t\t<\/div>\n\t\t<\/section>\n\t\t\t\t<\/div>","protected":false},"excerpt":{"rendered":"<p>P\u00f4le P\u00e9trole P\u00f4le P\u00e9trole Le p\u00f4le p\u00e9trole \u00e0 l&#8217;ECOMOF 2024 offre une immersion compl\u00e8te dans l&#8217;univers dynamique de l&#8217;industrie p\u00e9troli\u00e8re en Afrique de l&#8217;Ouest. Les exposants au sein de ce p\u00f4le pr\u00e9senteront des projets novateurs, des technologies de pointe et des solutions strat\u00e9giques qui fa\u00e7onnent le paysage p\u00e9trolier de la r\u00e9gion. Des s\u00e9ances sp\u00e9cialis\u00e9es mettront [&hellip;]<\/p>","protected":false},"author":1,"featured_media":0,"parent":0,"menu_order":0,"comment_status":"closed","ping_status":"closed","template":"","meta":{"_eb_attr":"","footnotes":""},"yst_prominent_words":[],"class_list":["post-713","page","type-page","status-publish","hentry"],"_links":{"self":[{"href":"https:\/\/ecomof.org\/en\/wp-json\/wp\/v2\/pages\/713","targetHints":{"allow":["GET"]}}],"collection":[{"href":"https:\/\/ecomof.org\/en\/wp-json\/wp\/v2\/pages"}],"about":[{"href":"https:\/\/ecomof.org\/en\/wp-json\/wp\/v2\/types\/page"}],"author":[{"embeddable":true,"href":"https:\/\/ecomof.org\/en\/wp-json\/wp\/v2\/users\/1"}],"replies":[{"embeddable":true,"href":"https:\/\/ecomof.org\/en\/wp-json\/wp\/v2\/comments?post=713"}],"version-history":[{"count":17,"href":"https:\/\/ecomof.org\/en\/wp-json\/wp\/v2\/pages\/713\/revisions"}],"predecessor-version":[{"id":1645,"href":"https:\/\/ecomof.org\/en\/wp-json\/wp\/v2\/pages\/713\/revisions\/1645"}],"wp:attachment":[{"href":"https:\/\/ecomof.org\/en\/wp-json\/wp\/v2\/media?parent=713"}],"wp:term":[{"taxonomy":"yst_prominent_words","embeddable":true,"href":"https:\/\/ecomof.org\/en\/wp-json\/wp\/v2\/yst_prominent_words?post=713"}],"curies":[{"name":"wp","href":"https:\/\/api.w.org\/{rel}","templated":true}]}}