{"id":677,"date":"2023-10-13T15:17:45","date_gmt":"2023-10-13T15:17:45","guid":{"rendered":"https:\/\/ecomof.org\/?page_id=677"},"modified":"2023-12-30T23:27:43","modified_gmt":"2023-12-30T23:27:43","slug":"pole-mines","status":"publish","type":"page","link":"https:\/\/ecomof.org\/en\/pole-mines\/","title":{"rendered":"Mining Division"},"content":{"rendered":"<div data-elementor-type=\"wp-page\" data-elementor-id=\"677\" class=\"elementor elementor-677\" data-elementor-post-type=\"page\">\n\t\t\t\t\t\t<section data-particle_enable=\"false\" data-particle-mobile-disabled=\"false\" class=\"elementor-section elementor-top-section elementor-element elementor-element-7832ab43 elementor-section-boxed elementor-section-height-default elementor-section-height-default\" data-id=\"7832ab43\" data-element_type=\"section\" data-settings=\"{&quot;background_background&quot;:&quot;classic&quot;}\">\n\t\t\t\t\t\t<div class=\"elementor-container elementor-column-gap-default\">\n\t\t\t\t\t<div class=\"elementor-column elementor-col-50 elementor-top-column elementor-element elementor-element-234feff9\" data-id=\"234feff9\" data-element_type=\"column\">\n\t\t\t<div class=\"elementor-widget-wrap elementor-element-populated\">\n\t\t\t\t\t\t<div class=\"elementor-element elementor-element-34584b86 elementor-widget elementor-widget-heading\" data-id=\"34584b86\" data-element_type=\"widget\" data-widget_type=\"heading.default\">\n\t\t\t\t<div class=\"elementor-widget-container\">\n\t\t\t<style>\/*! elementor - v3.19.0 - 07-02-2024 *\/\n.elementor-heading-title{padding:0;margin:0;line-height:1}.elementor-widget-heading .elementor-heading-title[class*=elementor-size-]>a{color:inherit;font-size:inherit;line-height:inherit}.elementor-widget-heading .elementor-heading-title.elementor-size-small{font-size:15px}.elementor-widget-heading .elementor-heading-title.elementor-size-medium{font-size:19px}.elementor-widget-heading .elementor-heading-title.elementor-size-large{font-size:29px}.elementor-widget-heading .elementor-heading-title.elementor-size-xl{font-size:39px}.elementor-widget-heading .elementor-heading-title.elementor-size-xxl{font-size:59px}<\/style><h2 class=\"elementor-heading-title elementor-size-default\">Mining Division<\/h2>\t\t<\/div>\n\t\t\t\t<\/div>\n\t\t\t\t\t<\/div>\n\t\t<\/div>\n\t\t\t\t<div class=\"elementor-column elementor-col-50 elementor-top-column elementor-element elementor-element-cb77ee2 elementor-hidden-mobile\" data-id=\"cb77ee2\" data-element_type=\"column\">\n\t\t\t<div class=\"elementor-widget-wrap elementor-element-populated\">\n\t\t\t\t\t\t<div class=\"elementor-element elementor-element-6b2306ad elementor-align-right elementor-widget elementor-widget-breadcrumbs\" data-id=\"6b2306ad\" data-element_type=\"widget\" data-widget_type=\"breadcrumbs.default\">\n\t\t\t\t<div class=\"elementor-widget-container\">\n\t\t\t<link rel=\"stylesheet\" href=\"https:\/\/ecomof.org\/wp-content\/plugins\/elementor-pro\/assets\/css\/widget-theme-elements.min.css\"><p id=\"breadcrumbs\"><span><span class=\"breadcrumb_last\" aria-current=\"page\">Home<\/span><\/span><\/p>\t\t<\/div>\n\t\t\t\t<\/div>\n\t\t\t\t\t<\/div>\n\t\t<\/div>\n\t\t\t\t\t<\/div>\n\t\t<\/section>\n\t\t\t\t<section data-particle_enable=\"false\" data-particle-mobile-disabled=\"false\" class=\"elementor-section elementor-top-section elementor-element elementor-element-fd568f4 elementor-section-boxed elementor-section-height-default elementor-section-height-default\" data-id=\"fd568f4\" data-element_type=\"section\">\n\t\t\t\t\t\t<div class=\"elementor-container elementor-column-gap-default\">\n\t\t\t\t\t<div class=\"elementor-column elementor-col-100 elementor-top-column elementor-element elementor-element-11f6e5e\" data-id=\"11f6e5e\" data-element_type=\"column\">\n\t\t\t<div class=\"elementor-widget-wrap elementor-element-populated\">\n\t\t\t\t\t\t<section data-particle_enable=\"false\" data-particle-mobile-disabled=\"false\" class=\"elementor-section elementor-inner-section elementor-element elementor-element-d67a9c8 elementor-section-boxed elementor-section-height-default elementor-section-height-default\" data-id=\"d67a9c8\" data-element_type=\"section\">\n\t\t\t\t\t\t<div class=\"elementor-container elementor-column-gap-default\">\n\t\t\t\t\t<div class=\"elementor-column elementor-col-50 elementor-inner-column elementor-element elementor-element-f30680b\" data-id=\"f30680b\" data-element_type=\"column\">\n\t\t\t<div class=\"elementor-widget-wrap elementor-element-populated\">\n\t\t\t\t\t\t<div class=\"elementor-element elementor-element-5d3e867 elementor-widget elementor-widget-heading\" data-id=\"5d3e867\" data-element_type=\"widget\" data-widget_type=\"heading.default\">\n\t\t\t\t<div class=\"elementor-widget-container\">\n\t\t\t<h2 class=\"elementor-heading-title elementor-size-default\">Mining Division<\/h2>\t\t<\/div>\n\t\t\t\t<\/div>\n\t\t\t\t<div class=\"elementor-element elementor-element-8c36157 elementor-widget elementor-widget-text-editor\" data-id=\"8c36157\" data-element_type=\"widget\" data-widget_type=\"text-editor.default\">\n\t\t\t\t<div class=\"elementor-widget-container\">\n\t\t\t<style>\/*! elementor - v3.19.0 - 07-02-2024 *\/\n.elementor-widget-text-editor.elementor-drop-cap-view-stacked .elementor-drop-cap{background-color:#69727d;color:#fff}.elementor-widget-text-editor.elementor-drop-cap-view-framed .elementor-drop-cap{color:#69727d;border:3px solid;background-color:transparent}.elementor-widget-text-editor:not(.elementor-drop-cap-view-default) .elementor-drop-cap{margin-top:8px}.elementor-widget-text-editor:not(.elementor-drop-cap-view-default) .elementor-drop-cap-letter{width:1em;height:1em}.elementor-widget-text-editor .elementor-drop-cap{float:left;text-align:center;line-height:1;font-size:50px}.elementor-widget-text-editor .elementor-drop-cap-letter{display:inline-block}<\/style>\t\t\t\t<p>The Mining Division targets players in the mining industry, exploration companies, geology experts and anyone with an interest in the mining sector. It explores mining opportunities and shares best practice in mining exploration and development. Each hub offers a tailor-made experience for participants, based on their interests and areas of expertise.<\/p>\t\t\t\t\t\t<\/div>\n\t\t\t\t<\/div>\n\t\t\t\t\t<\/div>\n\t\t<\/div>\n\t\t\t\t<div class=\"elementor-column elementor-col-50 elementor-inner-column elementor-element elementor-element-da778b5\" data-id=\"da778b5\" data-element_type=\"column\">\n\t\t\t<div class=\"elementor-widget-wrap elementor-element-populated\">\n\t\t\t\t\t\t<div class=\"elementor-element elementor-element-84b5954 elementor-widget elementor-widget-image\" data-id=\"84b5954\" data-element_type=\"widget\" data-widget_type=\"image.default\">\n\t\t\t\t<div class=\"elementor-widget-container\">\n\t\t\t<style>\/*! elementor - v3.19.0 - 07-02-2024 *\/\n.elementor-widget-image{text-align:center}.elementor-widget-image a{display:inline-block}.elementor-widget-image a img[src$=\".svg\"]{width:48px}.elementor-widget-image img{vertical-align:middle;display:inline-block}<\/style>\t\t\t\t\t\t\t\t\t\t<img fetchpriority=\"high\" decoding=\"async\" width=\"563\" height=\"375\" src=\"https:\/\/ecomof.org\/wp-content\/uploads\/2023\/10\/Pole-mine.png\" class=\"attachment-large size-large wp-image-680\" alt=\"\" srcset=\"https:\/\/ecomof.org\/wp-content\/uploads\/2023\/10\/Pole-mine.png 563w, https:\/\/ecomof.org\/wp-content\/uploads\/2023\/10\/Pole-mine-300x200.png 300w, https:\/\/ecomof.org\/wp-content\/uploads\/2023\/10\/Pole-mine-18x12.png 18w\" sizes=\"(max-width: 563px) 100vw, 563px\" \/>\t\t\t\t\t\t\t\t\t\t\t\t\t<\/div>\n\t\t\t\t<\/div>\n\t\t\t\t\t<\/div>\n\t\t<\/div>\n\t\t\t\t\t<\/div>\n\t\t<\/section>\n\t\t\t\t\t<\/div>\n\t\t<\/div>\n\t\t\t\t\t<\/div>\n\t\t<\/section>\n\t\t\t\t<\/div>","protected":false},"excerpt":{"rendered":"<p>P\u00f4le Mines P\u00f4le Mines Le P\u00f4le Mines cible les acteurs de l&#8217;industrie mini\u00e8re, les entreprises d&#8217;exploration, les experts en g\u00e9ologie et tous ceux int\u00e9ress\u00e9s par le secteur minier. Il explore les opportunit\u00e9s mini\u00e8res, partage les meilleures pratiques en mati\u00e8re d&#8217;exploration et de d\u00e9veloppement minier. Chaque p\u00f4le offre une exp\u00e9rience sur mesure pour les participants, en [&hellip;]<\/p>","protected":false},"author":1,"featured_media":0,"parent":0,"menu_order":0,"comment_status":"closed","ping_status":"closed","template":"","meta":{"_eb_attr":"","footnotes":""},"yst_prominent_words":[],"class_list":["post-677","page","type-page","status-publish","hentry"],"_links":{"self":[{"href":"https:\/\/ecomof.org\/en\/wp-json\/wp\/v2\/pages\/677","targetHints":{"allow":["GET"]}}],"collection":[{"href":"https:\/\/ecomof.org\/en\/wp-json\/wp\/v2\/pages"}],"about":[{"href":"https:\/\/ecomof.org\/en\/wp-json\/wp\/v2\/types\/page"}],"author":[{"embeddable":true,"href":"https:\/\/ecomof.org\/en\/wp-json\/wp\/v2\/users\/1"}],"replies":[{"embeddable":true,"href":"https:\/\/ecomof.org\/en\/wp-json\/wp\/v2\/comments?post=677"}],"version-history":[{"count":19,"href":"https:\/\/ecomof.org\/en\/wp-json\/wp\/v2\/pages\/677\/revisions"}],"predecessor-version":[{"id":1639,"href":"https:\/\/ecomof.org\/en\/wp-json\/wp\/v2\/pages\/677\/revisions\/1639"}],"wp:attachment":[{"href":"https:\/\/ecomof.org\/en\/wp-json\/wp\/v2\/media?parent=677"}],"wp:term":[{"taxonomy":"yst_prominent_words","embeddable":true,"href":"https:\/\/ecomof.org\/en\/wp-json\/wp\/v2\/yst_prominent_words?post=677"}],"curies":[{"name":"wp","href":"https:\/\/api.w.org\/{rel}","templated":true}]}}