{"id":441,"date":"2023-10-11T15:38:49","date_gmt":"2023-10-11T15:38:49","guid":{"rendered":"https:\/\/ecomof.org\/?page_id=441"},"modified":"2023-12-30T23:08:17","modified_gmt":"2023-12-30T23:08:17","slug":"presentation-de-ecomof-2024","status":"publish","type":"page","link":"https:\/\/ecomof.org\/en\/presentation-de-ecomof-2024\/","title":{"rendered":"Pr\u00e9sentation de ECOMOF 2024"},"content":{"rendered":"<div data-elementor-type=\"wp-page\" data-elementor-id=\"441\" class=\"elementor elementor-441\" data-elementor-post-type=\"page\">\n\t\t\t\t\t\t<section data-particle_enable=\"false\" data-particle-mobile-disabled=\"false\" class=\"elementor-section elementor-top-section elementor-element elementor-element-7832ab43 elementor-section-boxed elementor-section-height-default elementor-section-height-default\" data-id=\"7832ab43\" data-element_type=\"section\" data-settings=\"{&quot;background_background&quot;:&quot;classic&quot;}\">\n\t\t\t\t\t\t<div class=\"elementor-container elementor-column-gap-default\">\n\t\t\t\t\t<div class=\"elementor-column elementor-col-50 elementor-top-column elementor-element elementor-element-234feff9\" data-id=\"234feff9\" data-element_type=\"column\">\n\t\t\t<div class=\"elementor-widget-wrap elementor-element-populated\">\n\t\t\t\t\t\t<div class=\"elementor-element elementor-element-34584b86 elementor-widget elementor-widget-heading\" data-id=\"34584b86\" data-element_type=\"widget\" data-widget_type=\"heading.default\">\n\t\t\t\t<div class=\"elementor-widget-container\">\n\t\t\t<style>\/*! elementor - v3.19.0 - 07-02-2024 *\/\n.elementor-heading-title{padding:0;margin:0;line-height:1}.elementor-widget-heading .elementor-heading-title[class*=elementor-size-]>a{color:inherit;font-size:inherit;line-height:inherit}.elementor-widget-heading .elementor-heading-title.elementor-size-small{font-size:15px}.elementor-widget-heading .elementor-heading-title.elementor-size-medium{font-size:19px}.elementor-widget-heading .elementor-heading-title.elementor-size-large{font-size:29px}.elementor-widget-heading .elementor-heading-title.elementor-size-xl{font-size:39px}.elementor-widget-heading .elementor-heading-title.elementor-size-xxl{font-size:59px}<\/style><h2 class=\"elementor-heading-title elementor-size-default\">Presentation of ECOMOF<\/h2>\t\t<\/div>\n\t\t\t\t<\/div>\n\t\t\t\t\t<\/div>\n\t\t<\/div>\n\t\t\t\t<div class=\"elementor-column elementor-col-50 elementor-top-column elementor-element elementor-element-cb77ee2 elementor-hidden-mobile\" data-id=\"cb77ee2\" data-element_type=\"column\">\n\t\t\t<div class=\"elementor-widget-wrap elementor-element-populated\">\n\t\t\t\t\t\t<div class=\"elementor-element elementor-element-6b2306ad elementor-align-right elementor-widget elementor-widget-breadcrumbs\" data-id=\"6b2306ad\" data-element_type=\"widget\" data-widget_type=\"breadcrumbs.default\">\n\t\t\t\t<div class=\"elementor-widget-container\">\n\t\t\t<link rel=\"stylesheet\" href=\"https:\/\/ecomof.org\/wp-content\/plugins\/elementor-pro\/assets\/css\/widget-theme-elements.min.css\"><p id=\"breadcrumbs\"><span><span class=\"breadcrumb_last\" aria-current=\"page\">Home<\/span><\/span><\/p>\t\t<\/div>\n\t\t\t\t<\/div>\n\t\t\t\t\t<\/div>\n\t\t<\/div>\n\t\t\t\t\t<\/div>\n\t\t<\/section>\n\t\t\t\t<section data-particle_enable=\"false\" data-particle-mobile-disabled=\"false\" class=\"elementor-section elementor-top-section elementor-element elementor-element-381fa5b elementor-section-boxed elementor-section-height-default elementor-section-height-default\" data-id=\"381fa5b\" data-element_type=\"section\">\n\t\t\t\t\t\t<div class=\"elementor-container elementor-column-gap-default\">\n\t\t\t\t\t<div class=\"elementor-column elementor-col-50 elementor-top-column elementor-element elementor-element-64e8a43\" data-id=\"64e8a43\" data-element_type=\"column\">\n\t\t\t<div class=\"elementor-widget-wrap elementor-element-populated\">\n\t\t\t\t\t\t<div class=\"elementor-element elementor-element-bccb994 elementor-widget elementor-widget-heading\" data-id=\"bccb994\" data-element_type=\"widget\" data-widget_type=\"heading.default\">\n\t\t\t\t<div class=\"elementor-widget-container\">\n\t\t\t<h2 class=\"elementor-heading-title elementor-size-default\">ECOMOF, the not-to-be-missed event<\/h2>\t\t<\/div>\n\t\t\t\t<\/div>\n\t\t\t\t<div class=\"elementor-element elementor-element-527f96c elementor-widget elementor-widget-text-editor\" data-id=\"527f96c\" data-element_type=\"widget\" data-widget_type=\"text-editor.default\">\n\t\t\t\t<div class=\"elementor-widget-container\">\n\t\t\t<style>\/*! elementor - v3.19.0 - 07-02-2024 *\/\n.elementor-widget-text-editor.elementor-drop-cap-view-stacked .elementor-drop-cap{background-color:#69727d;color:#fff}.elementor-widget-text-editor.elementor-drop-cap-view-framed .elementor-drop-cap{color:#69727d;border:3px solid;background-color:transparent}.elementor-widget-text-editor:not(.elementor-drop-cap-view-default) .elementor-drop-cap{margin-top:8px}.elementor-widget-text-editor:not(.elementor-drop-cap-view-default) .elementor-drop-cap-letter{width:1em;height:1em}.elementor-widget-text-editor .elementor-drop-cap{float:left;text-align:center;line-height:1;font-size:50px}.elementor-widget-text-editor .elementor-drop-cap-letter{display:inline-block}<\/style>\t\t\t\t<p>ECOMOF stands out as the must-attend event of 2024, bringing together leaders and experts from the mining and petroleum sectors in the heart of West Africa. This meeting offers a unique opportunity to explore investment opportunities, share cutting-edge knowledge and establish strategic partnerships in an environment conducive to networking. With a focus on sustainable development, responsible practices, and value creation in the mining and petroleum sectors, ECOMOF 2024, under the theme \"<strong>Geo-extractive resources and technologies: pooling strategies to create added value in West Africa<\/strong>\"will help shape the future of these industries in West Africa. As a platform for the exchange of innovative ideas, in-depth debate on current issues and the formulation of strategic recommendations, this event will play a key role in positioning West Africa as a major player on the international natural resources scene. <strong>For anyone looking to be at the forefront of developments in the mining and petroleum sectors and actively contribute to their sustainable growth, ECOMOF 2024 remains the must-attend event of 2024.<\/strong><\/p>\t\t\t\t\t\t<\/div>\n\t\t\t\t<\/div>\n\t\t\t\t\t<\/div>\n\t\t<\/div>\n\t\t\t\t<div class=\"elementor-column elementor-col-50 elementor-top-column elementor-element elementor-element-648d72a\" data-id=\"648d72a\" data-element_type=\"column\" data-settings=\"{&quot;background_background&quot;:&quot;classic&quot;}\">\n\t\t\t<div class=\"elementor-widget-wrap elementor-element-populated\">\n\t\t\t\t\t\t<div class=\"elementor-element elementor-element-54d0cd1 elementor-widget elementor-widget-image\" data-id=\"54d0cd1\" data-element_type=\"widget\" data-widget_type=\"image.default\">\n\t\t\t\t<div class=\"elementor-widget-container\">\n\t\t\t<style>\/*! elementor - v3.19.0 - 07-02-2024 *\/\n.elementor-widget-image{text-align:center}.elementor-widget-image a{display:inline-block}.elementor-widget-image a img[src$=\".svg\"]{width:48px}.elementor-widget-image img{vertical-align:middle;display:inline-block}<\/style>\t\t\t\t\t\t\t<figure class=\"wp-caption\">\n\t\t\t\t\t\t\t\t\t\t<img fetchpriority=\"high\" decoding=\"async\" width=\"2560\" height=\"1538\" src=\"https:\/\/ecomof.org\/wp-content\/uploads\/2023\/12\/carte-CEDEAO.png\" class=\"attachment-full size-full wp-image-1377\" alt=\"\" srcset=\"https:\/\/ecomof.org\/wp-content\/uploads\/2023\/12\/carte-CEDEAO.png 2560w, https:\/\/ecomof.org\/wp-content\/uploads\/2023\/12\/carte-CEDEAO-300x180.png 300w, https:\/\/ecomof.org\/wp-content\/uploads\/2023\/12\/carte-CEDEAO-1024x615.png 1024w, https:\/\/ecomof.org\/wp-content\/uploads\/2023\/12\/carte-CEDEAO-768x461.png 768w, https:\/\/ecomof.org\/wp-content\/uploads\/2023\/12\/carte-CEDEAO-1536x923.png 1536w, https:\/\/ecomof.org\/wp-content\/uploads\/2023\/12\/carte-CEDEAO-2048x1231.png 2048w, https:\/\/ecomof.org\/wp-content\/uploads\/2023\/12\/carte-CEDEAO-18x12.png 18w, https:\/\/ecomof.org\/wp-content\/uploads\/2023\/12\/carte-CEDEAO-1320x793.png 1320w\" sizes=\"(max-width: 2560px) 100vw, 2560px\" \/>\t\t\t\t\t\t\t\t\t\t\t<figcaption class=\"widget-image-caption wp-caption-text\">Map of ECOWAS Member States<\/figcaption>\n\t\t\t\t\t\t\t\t\t\t<\/figure>\n\t\t\t\t\t\t\t<\/div>\n\t\t\t\t<\/div>\n\t\t\t\t\t<\/div>\n\t\t<\/div>\n\t\t\t\t\t<\/div>\n\t\t<\/section>\n\t\t\t\t<section data-particle_enable=\"false\" data-particle-mobile-disabled=\"false\" class=\"elementor-section elementor-top-section elementor-element elementor-element-403e5e5 elementor-section-boxed elementor-section-height-default elementor-section-height-default\" data-id=\"403e5e5\" data-element_type=\"section\">\n\t\t\t\t\t\t<div class=\"elementor-container elementor-column-gap-default\">\n\t\t\t\t\t<div class=\"elementor-column elementor-col-100 elementor-top-column elementor-element elementor-element-63119ef\" data-id=\"63119ef\" data-element_type=\"column\">\n\t\t\t<div class=\"elementor-widget-wrap elementor-element-populated\">\n\t\t\t\t\t\t<section data-particle_enable=\"false\" data-particle-mobile-disabled=\"false\" class=\"elementor-section elementor-inner-section elementor-element elementor-element-a460be8 elementor-section-boxed elementor-section-height-default elementor-section-height-default\" data-id=\"a460be8\" data-element_type=\"section\">\n\t\t\t\t\t\t<div class=\"elementor-container elementor-column-gap-default\">\n\t\t\t\t\t<div class=\"elementor-column elementor-col-50 elementor-inner-column elementor-element elementor-element-4fdced7\" data-id=\"4fdced7\" data-element_type=\"column\">\n\t\t\t<div class=\"elementor-widget-wrap elementor-element-populated\">\n\t\t\t\t\t\t<div class=\"elementor-element elementor-element-7bb7aef elementor-widget elementor-widget-heading\" data-id=\"7bb7aef\" data-element_type=\"widget\" data-widget_type=\"heading.default\">\n\t\t\t\t<div class=\"elementor-widget-container\">\n\t\t\t<h2 class=\"elementor-heading-title elementor-size-default\">At ECOMOF, you can expect an immersive and dynamic experience. <\/h2>\t\t<\/div>\n\t\t\t\t<\/div>\n\t\t\t\t<div class=\"elementor-element elementor-element-131aa36 elementor-widget elementor-widget-text-editor\" data-id=\"131aa36\" data-element_type=\"widget\" data-widget_type=\"text-editor.default\">\n\t\t\t\t<div class=\"elementor-widget-container\">\n\t\t\t\t\t\t\t<p>ECOMOF 2024 promises an immersive and dynamic experience for all participants. With a carefully designed programme including interactive sessions, cutting-edge discussions, innovative project presentations, and networking opportunities, the event aims to actively engage participants in the critical issues facing the mining and petroleum sectors in West Africa. Renowned experts, key decision-makers and representatives from the extractive industries will share their knowledge and perspectives, creating an environment conducive to learning and the exchange of ideas. From plenary sessions and interactive workshops to networking opportunities, ECOMOF 2024 will provide an enriching and dynamic experience for all participants wishing to contribute to the sustainable development of these strategic sectors.<\/p>\t\t\t\t\t\t<\/div>\n\t\t\t\t<\/div>\n\t\t\t\t\t<\/div>\n\t\t<\/div>\n\t\t\t\t<div class=\"elementor-column elementor-col-50 elementor-inner-column elementor-element elementor-element-961bfc9\" data-id=\"961bfc9\" data-element_type=\"column\">\n\t\t\t<div class=\"elementor-widget-wrap elementor-element-populated\">\n\t\t\t\t\t\t<div class=\"elementor-element elementor-element-a74cd64 elementor-widget elementor-widget-heading\" data-id=\"a74cd64\" data-element_type=\"widget\" data-widget_type=\"heading.default\">\n\t\t\t\t<div class=\"elementor-widget-container\">\n\t\t\t<h2 class=\"elementor-heading-title elementor-size-default\">ECOMOF is a showcase of major opportunities in the mining and oil sectors in the ECOWAS zone<\/h2>\t\t<\/div>\n\t\t\t\t<\/div>\n\t\t\t\t<div class=\"elementor-element elementor-element-212d622 elementor-widget elementor-widget-text-editor\" data-id=\"212d622\" data-element_type=\"widget\" data-widget_type=\"text-editor.default\">\n\t\t\t\t<div class=\"elementor-widget-container\">\n\t\t\t\t\t\t\t<p>ECOMOF is positioned as a key showcase, highlighting significant opportunities in the mining and petroleum sectors within the ECOWAS zone. By bringing together key players, government decision-makers, experts and investors, this event offers a unique platform to explore and seize these opportunities. Innovative projects, best practice discussions and dedicated investment sessions will help shape the future of the extractive industries in the region. ECOMOF is thus becoming the crossroads where opportunities present themselves, strategic partnerships are formed, and the promising future of the mining and petroleum sectors in ECOWAS takes shape.<\/p>\t\t\t\t\t\t<\/div>\n\t\t\t\t<\/div>\n\t\t\t\t\t<\/div>\n\t\t<\/div>\n\t\t\t\t\t<\/div>\n\t\t<\/section>\n\t\t\t\t<section data-particle_enable=\"false\" data-particle-mobile-disabled=\"false\" class=\"elementor-section elementor-inner-section elementor-element elementor-element-add58d3 elementor-section-boxed elementor-section-height-default elementor-section-height-default\" data-id=\"add58d3\" data-element_type=\"section\">\n\t\t\t\t\t\t<div class=\"elementor-container elementor-column-gap-default\">\n\t\t\t\t\t<div class=\"elementor-column elementor-col-50 elementor-inner-column elementor-element elementor-element-79d388f\" data-id=\"79d388f\" data-element_type=\"column\">\n\t\t\t<div class=\"elementor-widget-wrap elementor-element-populated\">\n\t\t\t\t\t\t<div class=\"elementor-element elementor-element-985eec9 elementor-widget elementor-widget-heading\" data-id=\"985eec9\" data-element_type=\"widget\" data-widget_type=\"heading.default\">\n\t\t\t\t<div class=\"elementor-widget-container\">\n\t\t\t<h2 class=\"elementor-heading-title elementor-size-default\">In figures, ECOMOF is <\/h2>\t\t<\/div>\n\t\t\t\t<\/div>\n\t\t\t\t<div class=\"elementor-element elementor-element-d939807 elementor-widget elementor-widget-text-editor\" data-id=\"d939807\" data-element_type=\"widget\" data-widget_type=\"text-editor.default\">\n\t\t\t\t<div class=\"elementor-widget-container\">\n\t\t\t\t\t\t\t<ul><li>Participants : Approximately\u00a0<strong>2000 attendees<\/strong>including industry professionals, government representatives, experts, investors and exhibitors.<\/li><li>Extensive media coverage, with 400 journalists and more than 260 accredited national and international information relays;<\/li><li>More than 300 B2B meetings and more than 650 business meetings<\/li><li>Conferences: Several high-level conferences, panel discussions and themed sessions.<\/li><li>Nations represented : Participants from several countries, ECOWAS Member States, other African countries, Asia, Europe, North America and other regions.<\/li><li>Media coverage: Numerous national, international and specialist media covering the event.<\/li><\/ul>\t\t\t\t\t\t<\/div>\n\t\t\t\t<\/div>\n\t\t\t\t\t<\/div>\n\t\t<\/div>\n\t\t\t\t<div class=\"elementor-column elementor-col-50 elementor-inner-column elementor-element elementor-element-2d4270d\" data-id=\"2d4270d\" data-element_type=\"column\">\n\t\t\t<div class=\"elementor-widget-wrap elementor-element-populated\">\n\t\t\t\t\t\t<div class=\"elementor-element elementor-element-61d84b2 elementor-widget elementor-widget-heading\" data-id=\"61d84b2\" data-element_type=\"widget\" data-widget_type=\"heading.default\">\n\t\t\t\t<div class=\"elementor-widget-container\">\n\t\t\t<h2 class=\"elementor-heading-title elementor-size-default\">Join us at ECOMOF 2024 as a sponsor or exhibitor<\/h2>\t\t<\/div>\n\t\t\t\t<\/div>\n\t\t\t\t<div class=\"elementor-element elementor-element-63f6005 elementor-widget elementor-widget-text-editor\" data-id=\"63f6005\" data-element_type=\"widget\" data-widget_type=\"text-editor.default\">\n\t\t\t\t<div class=\"elementor-widget-container\">\n\t\t\t\t\t\t\t<p>Joining ECOMOF 2024 as a sponsor or exhibitor offers an unrivalled strategic opportunity to position your organisation at the heart of the extractive industries in West Africa. By participating in this premier event, you will benefit from exceptional visibility with decision-makers, experts and professionals from the ECOWAS mining and petroleum sectors. As a sponsor, your brand will be associated with innovation, sustainable development and the creation of added value in these crucial areas. As an exhibitor, you will have the opportunity to showcase your products, services or projects to a targeted audience, while establishing strategic partnerships and exploring new business opportunities. Seize this opportunity to be an integral part of ECOMOF 2024, where opportunities are realised and your contribution will help shape the dynamic future of the extractive industries in West Africa.<\/p>\t\t\t\t\t\t<\/div>\n\t\t\t\t<\/div>\n\t\t\t\t\t<\/div>\n\t\t<\/div>\n\t\t\t\t\t<\/div>\n\t\t<\/section>\n\t\t\t\t\t<\/div>\n\t\t<\/div>\n\t\t\t\t\t<\/div>\n\t\t<\/section>\n\t\t\t\t<\/div>","protected":false},"excerpt":{"rendered":"<p>Pr\u00e9sentation de l&#8217;ECOMOF L&#8217;ECOMOF, l&#8217;\u00e9v\u00e9nement incontournable L&#8217;ECOMOF se distingue comme l&#8217;\u00e9v\u00e9nement incontournable de l&#8217;ann\u00e9e 2024 en r\u00e9unissant les leaders et les experts des secteurs minier et p\u00e9trolier au c\u0153ur de l&#8217;Afrique de l&#8217;Ouest. Cette rencontre offre une opportunit\u00e9 unique d&#8217;explorer les opportunit\u00e9s d&#8217;investissement, de partager des connaissances de pointe et d&#8217;\u00e9tablir des partenariats strat\u00e9giques dans [&hellip;]<\/p>","protected":false},"author":1,"featured_media":1352,"parent":0,"menu_order":0,"comment_status":"closed","ping_status":"closed","template":"","meta":{"_eb_attr":"","footnotes":""},"yst_prominent_words":[],"class_list":["post-441","page","type-page","status-publish","has-post-thumbnail","hentry"],"_links":{"self":[{"href":"https:\/\/ecomof.org\/en\/wp-json\/wp\/v2\/pages\/441","targetHints":{"allow":["GET"]}}],"collection":[{"href":"https:\/\/ecomof.org\/en\/wp-json\/wp\/v2\/pages"}],"about":[{"href":"https:\/\/ecomof.org\/en\/wp-json\/wp\/v2\/types\/page"}],"author":[{"embeddable":true,"href":"https:\/\/ecomof.org\/en\/wp-json\/wp\/v2\/users\/1"}],"replies":[{"embeddable":true,"href":"https:\/\/ecomof.org\/en\/wp-json\/wp\/v2\/comments?post=441"}],"version-history":[{"count":57,"href":"https:\/\/ecomof.org\/en\/wp-json\/wp\/v2\/pages\/441\/revisions"}],"predecessor-version":[{"id":1597,"href":"https:\/\/ecomof.org\/en\/wp-json\/wp\/v2\/pages\/441\/revisions\/1597"}],"wp:featuredmedia":[{"embeddable":true,"href":"https:\/\/ecomof.org\/en\/wp-json\/wp\/v2\/media\/1352"}],"wp:attachment":[{"href":"https:\/\/ecomof.org\/en\/wp-json\/wp\/v2\/media?parent=441"}],"wp:term":[{"taxonomy":"yst_prominent_words","embeddable":true,"href":"https:\/\/ecomof.org\/en\/wp-json\/wp\/v2\/yst_prominent_words?post=441"}],"curies":[{"name":"wp","href":"https:\/\/api.w.org\/{rel}","templated":true}]}}