{"id":413,"date":"2023-10-11T15:28:20","date_gmt":"2023-10-11T15:28:20","guid":{"rendered":"https:\/\/ecomof.org\/?page_id=413"},"modified":"2023-12-30T23:02:28","modified_gmt":"2023-12-30T23:02:28","slug":"vivre-lecomof-2024","status":"publish","type":"page","link":"https:\/\/ecomof.org\/en\/vivre-lecomof-2024\/","title":{"rendered":"Experience the ECOMOF 2024"},"content":{"rendered":"<div data-elementor-type=\"wp-page\" data-elementor-id=\"413\" class=\"elementor elementor-413\" data-elementor-post-type=\"page\">\n\t\t\t\t\t\t<section data-particle_enable=\"false\" data-particle-mobile-disabled=\"false\" class=\"elementor-section elementor-top-section elementor-element elementor-element-7832ab43 elementor-section-boxed elementor-section-height-default elementor-section-height-default\" data-id=\"7832ab43\" data-element_type=\"section\" data-settings=\"{&quot;background_background&quot;:&quot;classic&quot;}\">\n\t\t\t\t\t\t<div class=\"elementor-container elementor-column-gap-default\">\n\t\t\t\t\t<div class=\"elementor-column elementor-col-50 elementor-top-column elementor-element elementor-element-234feff9\" data-id=\"234feff9\" data-element_type=\"column\">\n\t\t\t<div class=\"elementor-widget-wrap elementor-element-populated\">\n\t\t\t\t\t\t<div class=\"elementor-element elementor-element-34584b86 elementor-widget elementor-widget-heading\" data-id=\"34584b86\" data-element_type=\"widget\" data-widget_type=\"heading.default\">\n\t\t\t\t<div class=\"elementor-widget-container\">\n\t\t\t<style>\/*! elementor - v3.19.0 - 07-02-2024 *\/\n.elementor-heading-title{padding:0;margin:0;line-height:1}.elementor-widget-heading .elementor-heading-title[class*=elementor-size-]>a{color:inherit;font-size:inherit;line-height:inherit}.elementor-widget-heading .elementor-heading-title.elementor-size-small{font-size:15px}.elementor-widget-heading .elementor-heading-title.elementor-size-medium{font-size:19px}.elementor-widget-heading .elementor-heading-title.elementor-size-large{font-size:29px}.elementor-widget-heading .elementor-heading-title.elementor-size-xl{font-size:39px}.elementor-widget-heading .elementor-heading-title.elementor-size-xxl{font-size:59px}<\/style><h2 class=\"elementor-heading-title elementor-size-default\">ECOMOF 2024<\/h2>\t\t<\/div>\n\t\t\t\t<\/div>\n\t\t\t\t\t<\/div>\n\t\t<\/div>\n\t\t\t\t<div class=\"elementor-column elementor-col-50 elementor-top-column elementor-element elementor-element-cb77ee2 elementor-hidden-mobile\" data-id=\"cb77ee2\" data-element_type=\"column\">\n\t\t\t<div class=\"elementor-widget-wrap elementor-element-populated\">\n\t\t\t\t\t\t<div class=\"elementor-element elementor-element-6b2306ad elementor-align-right elementor-widget elementor-widget-breadcrumbs\" data-id=\"6b2306ad\" data-element_type=\"widget\" data-widget_type=\"breadcrumbs.default\">\n\t\t\t\t<div class=\"elementor-widget-container\">\n\t\t\t<link rel=\"stylesheet\" href=\"https:\/\/ecomof.org\/wp-content\/plugins\/elementor-pro\/assets\/css\/widget-theme-elements.min.css\"><p id=\"breadcrumbs\"><span><span class=\"breadcrumb_last\" aria-current=\"page\">Home<\/span><\/span><\/p>\t\t<\/div>\n\t\t\t\t<\/div>\n\t\t\t\t\t<\/div>\n\t\t<\/div>\n\t\t\t\t\t<\/div>\n\t\t<\/section>\n\t\t\t\t<section data-particle_enable=\"false\" data-particle-mobile-disabled=\"false\" class=\"elementor-section elementor-top-section elementor-element elementor-element-46c1f15 elementor-section-boxed elementor-section-height-default elementor-section-height-default\" data-id=\"46c1f15\" data-element_type=\"section\">\n\t\t\t\t\t\t<div class=\"elementor-container elementor-column-gap-default\">\n\t\t\t\t\t<div class=\"elementor-column elementor-col-100 elementor-top-column elementor-element elementor-element-2d523ac\" data-id=\"2d523ac\" data-element_type=\"column\">\n\t\t\t<div class=\"elementor-widget-wrap elementor-element-populated\">\n\t\t\t\t\t\t<section data-particle_enable=\"false\" data-particle-mobile-disabled=\"false\" class=\"elementor-section elementor-inner-section elementor-element elementor-element-c7b6094 elementor-section-boxed elementor-section-height-default elementor-section-height-default\" data-id=\"c7b6094\" data-element_type=\"section\">\n\t\t\t\t\t\t<div class=\"elementor-container elementor-column-gap-default\">\n\t\t\t\t\t<div class=\"elementor-column elementor-col-100 elementor-inner-column elementor-element elementor-element-c5ad4cc\" data-id=\"c5ad4cc\" data-element_type=\"column\">\n\t\t\t<div class=\"elementor-widget-wrap elementor-element-populated\">\n\t\t\t\t\t\t<div class=\"elementor-element elementor-element-dc4f02e elementor-widget elementor-widget-heading\" data-id=\"dc4f02e\" data-element_type=\"widget\" data-widget_type=\"heading.default\">\n\t\t\t\t<div class=\"elementor-widget-container\">\n\t\t\t<h2 class=\"elementor-heading-title elementor-size-default\">ECOMOF<\/h2>\t\t<\/div>\n\t\t\t\t<\/div>\n\t\t\t\t<div class=\"elementor-element elementor-element-c082e86 elementor-widget elementor-widget-text-editor\" data-id=\"c082e86\" data-element_type=\"widget\" data-widget_type=\"text-editor.default\">\n\t\t\t\t<div class=\"elementor-widget-container\">\n\t\t\t<style>\/*! elementor - v3.19.0 - 07-02-2024 *\/\n.elementor-widget-text-editor.elementor-drop-cap-view-stacked .elementor-drop-cap{background-color:#69727d;color:#fff}.elementor-widget-text-editor.elementor-drop-cap-view-framed .elementor-drop-cap{color:#69727d;border:3px solid;background-color:transparent}.elementor-widget-text-editor:not(.elementor-drop-cap-view-default) .elementor-drop-cap{margin-top:8px}.elementor-widget-text-editor:not(.elementor-drop-cap-view-default) .elementor-drop-cap-letter{width:1em;height:1em}.elementor-widget-text-editor .elementor-drop-cap{float:left;text-align:center;line-height:1;font-size:50px}.elementor-widget-text-editor .elementor-drop-cap-letter{display:inline-block}<\/style>\t\t\t\t<p><strong>ECOMOF 2024, the 4th ECOWAS Mining and Petroleum Forum, is a major regional event to be held in Cotonou, Benin, from 22 to 24 February 2024.<\/strong>. This meeting brings together key players from the mining and petroleum sectors as well as government decision-makers from the Economic Community of West African States (ECOWAS). The main objective is to promote sustainable economic development by highlighting regional potential, fostering strategic partnerships and stimulating innovative investment. ECOMOF 2024 offers a unique platform for sharing experiences, debating current issues, and discussing best practices, with the expected outcome of strengthening collaborations, realising investment opportunities, and emerging strategic recommendations for the future of the extractive industries in West Africa.<\/p>\t\t\t\t\t\t<\/div>\n\t\t\t\t<\/div>\n\t\t\t\t\t<\/div>\n\t\t<\/div>\n\t\t\t\t\t<\/div>\n\t\t<\/section>\n\t\t\t\t\t<\/div>\n\t\t<\/div>\n\t\t\t\t\t<\/div>\n\t\t<\/section>\n\t\t\t\t<section data-particle_enable=\"false\" data-particle-mobile-disabled=\"false\" class=\"elementor-section elementor-top-section elementor-element elementor-element-0193da7 elementor-reverse-tablet elementor-reverse-mobile elementor-section-boxed elementor-section-height-default elementor-section-height-default\" data-id=\"0193da7\" data-element_type=\"section\">\n\t\t\t\t\t\t<div class=\"elementor-container elementor-column-gap-default\">\n\t\t\t\t\t<div class=\"elementor-column elementor-col-50 elementor-top-column elementor-element elementor-element-5aa8a28\" data-id=\"5aa8a28\" data-element_type=\"column\">\n\t\t\t<div class=\"elementor-widget-wrap elementor-element-populated\">\n\t\t\t\t\t\t<div class=\"elementor-element elementor-element-a29f971 elementor-widget elementor-widget-heading\" data-id=\"a29f971\" data-element_type=\"widget\" data-widget_type=\"heading.default\">\n\t\t\t\t<div class=\"elementor-widget-container\">\n\t\t\t<h2 class=\"elementor-heading-title elementor-size-default\">Expected professionals<\/h2>\t\t<\/div>\n\t\t\t\t<\/div>\n\t\t\t\t<div class=\"elementor-element elementor-element-a1b4bcb elementor-widget elementor-widget-text-editor\" data-id=\"a1b4bcb\" data-element_type=\"widget\" data-widget_type=\"text-editor.default\">\n\t\t\t\t<div class=\"elementor-widget-container\">\n\t\t\t\t\t\t\t<p>The 4th ECOWAS Mining and Petroleum Forum (ECOMOF 2024) will bring together a diverse panel of participants, all involved in the mining and petroleum sectors and in the economic development of the West African region. Among the expected participants, we anticipate the presence of :<\/p><ul><li><p><strong>Representatives of the mining and oil sectors :<\/strong> Seasoned professionals, technical experts and strategic decision-makers who actively contribute to the ECOWAS extractive industries.<\/p><\/li><li><p><strong>Government officials :<\/strong> Delegates from the ministries responsible for energy, water and mining in the member countries, who play a crucial role in formulating policies and promoting the sector.<\/p><\/li><li><p><strong>International and national investors :<\/strong> Key players from the business world interested in investment opportunities in the region's mining and oil projects.<\/p><\/li><li><p><strong>Industry Experts :<\/strong> Renowned professionals providing their expertise on trends, technologies and best practices in the mining and petroleum sectors.<\/p><\/li><li><p><strong>ECOWAS delegates :<\/strong> Official representatives of the Economic Community of West African States, underlining the regional commitment to sustainable development.<\/p><\/li><li><p><strong>International Organisations :<\/strong> Representatives of international organisations involved in supporting economic development and the sustainable management of natural resources.<\/p><\/li><\/ul>\t\t\t\t\t\t<\/div>\n\t\t\t\t<\/div>\n\t\t\t\t\t<\/div>\n\t\t<\/div>\n\t\t\t\t<div class=\"elementor-column elementor-col-50 elementor-top-column elementor-element elementor-element-5671300\" data-id=\"5671300\" data-element_type=\"column\">\n\t\t\t<div class=\"elementor-widget-wrap elementor-element-populated\">\n\t\t\t\t\t\t<div class=\"elementor-element elementor-element-d3e9696 elementor-widget elementor-widget-image\" data-id=\"d3e9696\" data-element_type=\"widget\" data-widget_type=\"image.default\">\n\t\t\t\t<div class=\"elementor-widget-container\">\n\t\t\t<style>\/*! elementor - v3.19.0 - 07-02-2024 *\/\n.elementor-widget-image{text-align:center}.elementor-widget-image a{display:inline-block}.elementor-widget-image a img[src$=\".svg\"]{width:48px}.elementor-widget-image img{vertical-align:middle;display:inline-block}<\/style>\t\t\t\t\t\t\t\t\t\t<img fetchpriority=\"high\" decoding=\"async\" width=\"763\" height=\"1080\" src=\"https:\/\/ecomof.org\/wp-content\/uploads\/2023\/12\/ECOMOF-2024-portrait.jpg\" class=\"attachment-full size-full wp-image-1352\" alt=\"\" srcset=\"https:\/\/ecomof.org\/wp-content\/uploads\/2023\/12\/ECOMOF-2024-portrait.jpg 763w, https:\/\/ecomof.org\/wp-content\/uploads\/2023\/12\/ECOMOF-2024-portrait-212x300.jpg 212w, https:\/\/ecomof.org\/wp-content\/uploads\/2023\/12\/ECOMOF-2024-portrait-723x1024.jpg 723w, https:\/\/ecomof.org\/wp-content\/uploads\/2023\/12\/ECOMOF-2024-portrait-8x12.jpg 8w\" sizes=\"(max-width: 763px) 100vw, 763px\" \/>\t\t\t\t\t\t\t\t\t\t\t\t\t<\/div>\n\t\t\t\t<\/div>\n\t\t\t\t\t<\/div>\n\t\t<\/div>\n\t\t\t\t\t<\/div>\n\t\t<\/section>\n\t\t\t\t<section data-particle_enable=\"false\" data-particle-mobile-disabled=\"false\" class=\"elementor-section elementor-top-section elementor-element elementor-element-ffe98fe elementor-reverse-tablet elementor-reverse-mobile elementor-section-boxed elementor-section-height-default elementor-section-height-default\" data-id=\"ffe98fe\" data-element_type=\"section\">\n\t\t\t\t\t\t<div class=\"elementor-container elementor-column-gap-default\">\n\t\t\t\t\t<div class=\"elementor-column elementor-col-50 elementor-top-column elementor-element elementor-element-0a1f1f4\" data-id=\"0a1f1f4\" data-element_type=\"column\">\n\t\t\t<div class=\"elementor-widget-wrap elementor-element-populated\">\n\t\t\t\t\t\t<div class=\"elementor-element elementor-element-7a4a503 elementor-widget elementor-widget-image\" data-id=\"7a4a503\" data-element_type=\"widget\" data-widget_type=\"image.default\">\n\t\t\t\t<div class=\"elementor-widget-container\">\n\t\t\t\t\t\t\t\t\t\t\t\t\t<img decoding=\"async\" width=\"500\" height=\"500\" src=\"https:\/\/ecomof.org\/wp-content\/uploads\/2023\/10\/background-2-FILEminimizer.png\" class=\"attachment-large size-large wp-image-197\" alt=\"\" srcset=\"https:\/\/ecomof.org\/wp-content\/uploads\/2023\/10\/background-2-FILEminimizer.png 500w, https:\/\/ecomof.org\/wp-content\/uploads\/2023\/10\/background-2-FILEminimizer-300x300.png 300w, https:\/\/ecomof.org\/wp-content\/uploads\/2023\/10\/background-2-FILEminimizer-150x150.png 150w, https:\/\/ecomof.org\/wp-content\/uploads\/2023\/10\/background-2-FILEminimizer-12x12.png 12w\" sizes=\"(max-width: 500px) 100vw, 500px\" \/>\t\t\t\t\t\t\t\t\t\t\t\t\t<\/div>\n\t\t\t\t<\/div>\n\t\t\t\t\t<\/div>\n\t\t<\/div>\n\t\t\t\t<div class=\"elementor-column elementor-col-50 elementor-top-column elementor-element elementor-element-06b9e3a\" data-id=\"06b9e3a\" data-element_type=\"column\">\n\t\t\t<div class=\"elementor-widget-wrap elementor-element-populated\">\n\t\t\t\t\t\t<div class=\"elementor-element elementor-element-f2182bd elementor-widget elementor-widget-heading\" data-id=\"f2182bd\" data-element_type=\"widget\" data-widget_type=\"heading.default\">\n\t\t\t\t<div class=\"elementor-widget-container\">\n\t\t\t<h2 class=\"elementor-heading-title elementor-size-default\">Program<\/h2>\t\t<\/div>\n\t\t\t\t<\/div>\n\t\t\t\t<div class=\"elementor-element elementor-element-657da5e elementor-widget elementor-widget-text-editor\" data-id=\"657da5e\" data-element_type=\"widget\" data-widget_type=\"text-editor.default\">\n\t\t\t\t<div class=\"elementor-widget-container\">\n\t\t\t\t\t\t\t<ul><li>The official opening ceremony on 22 February 2024 in the presence of a number of VIPs.<\/li><li>Scheduled conferences, panels and sessions<\/li><li>TheB2B space for professional meetings and partnership signings<\/li><li>The closing ceremony on 24 February 2024 with all the partners<\/li><li>Exhibitions from 22 to 24 February 2024<\/li><li>The Closing Gala on 24 February 2024<\/li><\/ul>\t\t\t\t\t\t<\/div>\n\t\t\t\t<\/div>\n\t\t\t\t<div class=\"elementor-element elementor-element-9718f32 elementor-widget elementor-widget-heading\" data-id=\"9718f32\" data-element_type=\"widget\" data-widget_type=\"heading.default\">\n\t\t\t\t<div class=\"elementor-widget-container\">\n\t\t\t<h2 class=\"elementor-heading-title elementor-size-default\">Participants and\/or Visitors<\/h2>\t\t<\/div>\n\t\t\t\t<\/div>\n\t\t\t\t<div class=\"elementor-element elementor-element-162c005 elementor-widget elementor-widget-text-editor\" data-id=\"162c005\" data-element_type=\"widget\" data-widget_type=\"text-editor.default\">\n\t\t\t\t<div class=\"elementor-widget-container\">\n\t\t\t\t\t\t\t<ul><li>Official delegates<\/li><li>Professional delegates\u00a0<\/li><li>Exhibitors<\/li><li>Foreign delegations in search of investment opportunities<\/li><li>Media<\/li><li>General public<\/li><li>Institutional<\/li><li>National and international investors<\/li><li>Professionals (energy division, hydrocarbons division, mining division, investors division, all businesses division)<\/li><li>Service companies (banks, insurance companies, financing and credit institutions).<\/li><\/ul>\t\t\t\t\t\t<\/div>\n\t\t\t\t<\/div>\n\t\t\t\t\t<\/div>\n\t\t<\/div>\n\t\t\t\t\t<\/div>\n\t\t<\/section>\n\t\t\t\t<\/div>","protected":false},"excerpt":{"rendered":"<p>ECOMOF 2024 ECOMOF L&#8217;ECOMOF 2024, le 4\u00e8me Forum des Mines et du P\u00e9trole de la CEDEAO, est un \u00e9v\u00e9nement d&#8217;envergure r\u00e9gionale qui se tiendra \u00e0 Cotonou, au B\u00e9nin, du 22 au 24 f\u00e9vrier 2024. Cette rencontre r\u00e9unit des acteurs cl\u00e9s des secteurs minier et p\u00e9trolier ainsi que des d\u00e9cideurs gouvernementaux de la Communaut\u00e9 \u00c9conomique des [&hellip;]<\/p>","protected":false},"author":1,"featured_media":1352,"parent":0,"menu_order":0,"comment_status":"closed","ping_status":"closed","template":"","meta":{"_eb_attr":"","footnotes":""},"yst_prominent_words":[],"class_list":["post-413","page","type-page","status-publish","has-post-thumbnail","hentry"],"_links":{"self":[{"href":"https:\/\/ecomof.org\/en\/wp-json\/wp\/v2\/pages\/413","targetHints":{"allow":["GET"]}}],"collection":[{"href":"https:\/\/ecomof.org\/en\/wp-json\/wp\/v2\/pages"}],"about":[{"href":"https:\/\/ecomof.org\/en\/wp-json\/wp\/v2\/types\/page"}],"author":[{"embeddable":true,"href":"https:\/\/ecomof.org\/en\/wp-json\/wp\/v2\/users\/1"}],"replies":[{"embeddable":true,"href":"https:\/\/ecomof.org\/en\/wp-json\/wp\/v2\/comments?post=413"}],"version-history":[{"count":42,"href":"https:\/\/ecomof.org\/en\/wp-json\/wp\/v2\/pages\/413\/revisions"}],"predecessor-version":[{"id":1587,"href":"https:\/\/ecomof.org\/en\/wp-json\/wp\/v2\/pages\/413\/revisions\/1587"}],"wp:featuredmedia":[{"embeddable":true,"href":"https:\/\/ecomof.org\/en\/wp-json\/wp\/v2\/media\/1352"}],"wp:attachment":[{"href":"https:\/\/ecomof.org\/en\/wp-json\/wp\/v2\/media?parent=413"}],"wp:term":[{"taxonomy":"yst_prominent_words","embeddable":true,"href":"https:\/\/ecomof.org\/en\/wp-json\/wp\/v2\/yst_prominent_words?post=413"}],"curies":[{"name":"wp","href":"https:\/\/api.w.org\/{rel}","templated":true}]}}