{"id":406,"date":"2023-10-11T15:24:49","date_gmt":"2023-10-11T15:24:49","guid":{"rendered":"https:\/\/ecomof.org\/?page_id=406"},"modified":"2024-02-14T12:08:02","modified_gmt":"2024-02-14T12:08:02","slug":"hebergement","status":"publish","type":"page","link":"https:\/\/ecomof.org\/en\/hebergement\/","title":{"rendered":"Accommodation"},"content":{"rendered":"<div data-elementor-type=\"wp-page\" data-elementor-id=\"406\" class=\"elementor elementor-406\" data-elementor-post-type=\"page\">\n\t\t\t\t\t\t<section data-particle_enable=\"false\" data-particle-mobile-disabled=\"false\" class=\"elementor-section elementor-top-section elementor-element elementor-element-7832ab43 elementor-section-boxed elementor-section-height-default elementor-section-height-default\" data-id=\"7832ab43\" data-element_type=\"section\" data-settings=\"{&quot;background_background&quot;:&quot;classic&quot;}\">\n\t\t\t\t\t\t<div class=\"elementor-container elementor-column-gap-default\">\n\t\t\t\t\t<div class=\"elementor-column elementor-col-50 elementor-top-column elementor-element elementor-element-234feff9\" data-id=\"234feff9\" data-element_type=\"column\">\n\t\t\t<div class=\"elementor-widget-wrap elementor-element-populated\">\n\t\t\t\t\t\t<div class=\"elementor-element elementor-element-34584b86 elementor-widget elementor-widget-heading\" data-id=\"34584b86\" data-element_type=\"widget\" data-widget_type=\"heading.default\">\n\t\t\t\t<div class=\"elementor-widget-container\">\n\t\t\t<style>\/*! elementor - v3.19.0 - 07-02-2024 *\/\n.elementor-heading-title{padding:0;margin:0;line-height:1}.elementor-widget-heading .elementor-heading-title[class*=elementor-size-]>a{color:inherit;font-size:inherit;line-height:inherit}.elementor-widget-heading .elementor-heading-title.elementor-size-small{font-size:15px}.elementor-widget-heading .elementor-heading-title.elementor-size-medium{font-size:19px}.elementor-widget-heading .elementor-heading-title.elementor-size-large{font-size:29px}.elementor-widget-heading .elementor-heading-title.elementor-size-xl{font-size:39px}.elementor-widget-heading .elementor-heading-title.elementor-size-xxl{font-size:59px}<\/style><h2 class=\"elementor-heading-title elementor-size-default\">Accommodation<\/h2>\t\t<\/div>\n\t\t\t\t<\/div>\n\t\t\t\t\t<\/div>\n\t\t<\/div>\n\t\t\t\t<div class=\"elementor-column elementor-col-50 elementor-top-column elementor-element elementor-element-cb77ee2 elementor-hidden-mobile\" data-id=\"cb77ee2\" data-element_type=\"column\">\n\t\t\t<div class=\"elementor-widget-wrap elementor-element-populated\">\n\t\t\t\t\t\t<div class=\"elementor-element elementor-element-6b2306ad elementor-align-right elementor-widget elementor-widget-breadcrumbs\" data-id=\"6b2306ad\" data-element_type=\"widget\" data-widget_type=\"breadcrumbs.default\">\n\t\t\t\t<div class=\"elementor-widget-container\">\n\t\t\t<link rel=\"stylesheet\" href=\"https:\/\/ecomof.org\/wp-content\/plugins\/elementor-pro\/assets\/css\/widget-theme-elements.min.css\"><p id=\"breadcrumbs\"><span><span class=\"breadcrumb_last\" aria-current=\"page\">Home<\/span><\/span><\/p>\t\t<\/div>\n\t\t\t\t<\/div>\n\t\t\t\t\t<\/div>\n\t\t<\/div>\n\t\t\t\t\t<\/div>\n\t\t<\/section>\n\t\t\t\t<section data-particle_enable=\"false\" data-particle-mobile-disabled=\"false\" class=\"elementor-section elementor-top-section elementor-element elementor-element-913a2ab elementor-section-boxed elementor-section-height-default elementor-section-height-default\" data-id=\"913a2ab\" data-element_type=\"section\">\n\t\t\t\t\t\t<div class=\"elementor-container elementor-column-gap-default\">\n\t\t\t\t\t<div class=\"elementor-column elementor-col-100 elementor-top-column elementor-element elementor-element-4055de8\" data-id=\"4055de8\" data-element_type=\"column\">\n\t\t\t<div class=\"elementor-widget-wrap elementor-element-populated\">\n\t\t\t\t\t\t<div class=\"elementor-element elementor-element-096b018 elementor-widget elementor-widget-heading\" data-id=\"096b018\" data-element_type=\"widget\" data-widget_type=\"heading.default\">\n\t\t\t\t<div class=\"elementor-widget-container\">\n\t\t\t<h2 class=\"elementor-heading-title elementor-size-default\">Quelques h\u00f4tels dans la villes de Cotonou<\/h2>\t\t<\/div>\n\t\t\t\t<\/div>\n\t\t\t\t<section data-particle_enable=\"false\" data-particle-mobile-disabled=\"false\" class=\"elementor-section elementor-inner-section elementor-element elementor-element-a5a6011 elementor-section-boxed elementor-section-height-default elementor-section-height-default\" data-id=\"a5a6011\" data-element_type=\"section\">\n\t\t\t\t\t\t<div class=\"elementor-container elementor-column-gap-default\">\n\t\t\t\t\t<div class=\"elementor-column elementor-col-33 elementor-inner-column elementor-element elementor-element-9b9115a\" data-id=\"9b9115a\" data-element_type=\"column\">\n\t\t\t<div class=\"elementor-widget-wrap elementor-element-populated\">\n\t\t\t\t\t\t<div class=\"elementor-element elementor-element-3e51983 elementor-widget elementor-widget-image\" data-id=\"3e51983\" data-element_type=\"widget\" data-widget_type=\"image.default\">\n\t\t\t\t<div class=\"elementor-widget-container\">\n\t\t\t<style>\/*! elementor - v3.19.0 - 07-02-2024 *\/\n.elementor-widget-image{text-align:center}.elementor-widget-image a{display:inline-block}.elementor-widget-image a img[src$=\".svg\"]{width:48px}.elementor-widget-image img{vertical-align:middle;display:inline-block}<\/style>\t\t\t\t\t\t\t\t\t\t<img fetchpriority=\"high\" decoding=\"async\" width=\"800\" height=\"600\" src=\"https:\/\/ecomof.org\/wp-content\/uploads\/2024\/02\/Novotel-1024x768.jpg\" class=\"attachment-large size-large wp-image-2116\" alt=\"\" srcset=\"https:\/\/ecomof.org\/wp-content\/uploads\/2024\/02\/Novotel-1024x768.jpg 1024w, https:\/\/ecomof.org\/wp-content\/uploads\/2024\/02\/Novotel-300x225.jpg 300w, https:\/\/ecomof.org\/wp-content\/uploads\/2024\/02\/Novotel-768x576.jpg 768w, https:\/\/ecomof.org\/wp-content\/uploads\/2024\/02\/Novotel-1536x1152.jpg 1536w, https:\/\/ecomof.org\/wp-content\/uploads\/2024\/02\/Novotel-16x12.jpg 16w, https:\/\/ecomof.org\/wp-content\/uploads\/2024\/02\/Novotel-1320x990.jpg 1320w, https:\/\/ecomof.org\/wp-content\/uploads\/2024\/02\/Novotel.jpg 2048w\" sizes=\"(max-width: 800px) 100vw, 800px\" \/>\t\t\t\t\t\t\t\t\t\t\t\t\t<\/div>\n\t\t\t\t<\/div>\n\t\t\t\t<div class=\"elementor-element elementor-element-69cfb4a elementor-widget elementor-widget-heading\" data-id=\"69cfb4a\" data-element_type=\"widget\" data-widget_type=\"heading.default\">\n\t\t\t\t<div class=\"elementor-widget-container\">\n\t\t\t<h2 class=\"elementor-heading-title elementor-size-default\">Novotel<\/h2>\t\t<\/div>\n\t\t\t\t<\/div>\n\t\t\t\t<div class=\"elementor-element elementor-element-ce5ba26 elementor-widget elementor-widget-text-editor\" data-id=\"ce5ba26\" data-element_type=\"widget\" data-widget_type=\"text-editor.default\">\n\t\t\t\t<div class=\"elementor-widget-container\">\n\t\t\t<style>\/*! elementor - v3.19.0 - 07-02-2024 *\/\n.elementor-widget-text-editor.elementor-drop-cap-view-stacked .elementor-drop-cap{background-color:#69727d;color:#fff}.elementor-widget-text-editor.elementor-drop-cap-view-framed .elementor-drop-cap{color:#69727d;border:3px solid;background-color:transparent}.elementor-widget-text-editor:not(.elementor-drop-cap-view-default) .elementor-drop-cap{margin-top:8px}.elementor-widget-text-editor:not(.elementor-drop-cap-view-default) .elementor-drop-cap-letter{width:1em;height:1em}.elementor-widget-text-editor .elementor-drop-cap{float:left;text-align:center;line-height:1;font-size:50px}.elementor-widget-text-editor .elementor-drop-cap-letter{display:inline-block}<\/style>\t\t\t\t<p>Pour r\u00e9server \u00e0 Novotel et Ibis Cotonou, veuillez \u00e9crire \u00e0 <a href=\"mailto:rosar.johnson@accor.com\"><u>rosar.johnson@accor.com<\/u><\/a>\u00a0ou contacter le +229 58 06 70 71<\/p>\t\t\t\t\t\t<\/div>\n\t\t\t\t<\/div>\n\t\t\t\t\t<\/div>\n\t\t<\/div>\n\t\t\t\t<div class=\"elementor-column elementor-col-33 elementor-inner-column elementor-element elementor-element-497c0a0\" data-id=\"497c0a0\" data-element_type=\"column\">\n\t\t\t<div class=\"elementor-widget-wrap elementor-element-populated\">\n\t\t\t\t\t\t<div class=\"elementor-element elementor-element-9ea56c7 elementor-widget elementor-widget-image\" data-id=\"9ea56c7\" data-element_type=\"widget\" data-widget_type=\"image.default\">\n\t\t\t\t<div class=\"elementor-widget-container\">\n\t\t\t\t\t\t\t\t\t\t\t\t\t<img decoding=\"async\" width=\"800\" height=\"600\" src=\"https:\/\/ecomof.org\/wp-content\/uploads\/2024\/02\/Ibis-1024x768.jpg\" class=\"attachment-large size-large wp-image-2115\" alt=\"\" srcset=\"https:\/\/ecomof.org\/wp-content\/uploads\/2024\/02\/Ibis-1024x768.jpg 1024w, https:\/\/ecomof.org\/wp-content\/uploads\/2024\/02\/Ibis-300x225.jpg 300w, https:\/\/ecomof.org\/wp-content\/uploads\/2024\/02\/Ibis-768x576.jpg 768w, https:\/\/ecomof.org\/wp-content\/uploads\/2024\/02\/Ibis-1536x1152.jpg 1536w, https:\/\/ecomof.org\/wp-content\/uploads\/2024\/02\/Ibis-16x12.jpg 16w, https:\/\/ecomof.org\/wp-content\/uploads\/2024\/02\/Ibis-1320x990.jpg 1320w, https:\/\/ecomof.org\/wp-content\/uploads\/2024\/02\/Ibis.jpg 2048w\" sizes=\"(max-width: 800px) 100vw, 800px\" \/>\t\t\t\t\t\t\t\t\t\t\t\t\t<\/div>\n\t\t\t\t<\/div>\n\t\t\t\t<div class=\"elementor-element elementor-element-3425a9c elementor-widget elementor-widget-heading\" data-id=\"3425a9c\" data-element_type=\"widget\" data-widget_type=\"heading.default\">\n\t\t\t\t<div class=\"elementor-widget-container\">\n\t\t\t<h2 class=\"elementor-heading-title elementor-size-default\">H\u00f4tel Ibis<\/h2>\t\t<\/div>\n\t\t\t\t<\/div>\n\t\t\t\t<div class=\"elementor-element elementor-element-44aefdd elementor-widget elementor-widget-text-editor\" data-id=\"44aefdd\" data-element_type=\"widget\" data-widget_type=\"text-editor.default\">\n\t\t\t\t<div class=\"elementor-widget-container\">\n\t\t\t\t\t\t\t<p>Pour r\u00e9server \u00e0 Novotel et Ibis Cotonou, veuillez \u00e9crire \u00e0 <a href=\"mailto:rosar.johnson@accor.com\"><u>rosar.johnson@accor.com<\/u><\/a>\u00a0ou contacter le +229 58 06 70 71<\/p>\t\t\t\t\t\t<\/div>\n\t\t\t\t<\/div>\n\t\t\t\t\t<\/div>\n\t\t<\/div>\n\t\t\t\t<div class=\"elementor-column elementor-col-33 elementor-inner-column elementor-element elementor-element-0d1de30\" data-id=\"0d1de30\" data-element_type=\"column\">\n\t\t\t<div class=\"elementor-widget-wrap elementor-element-populated\">\n\t\t\t\t\t\t<div class=\"elementor-element elementor-element-fc8298f elementor-widget elementor-widget-image\" data-id=\"fc8298f\" data-element_type=\"widget\" data-widget_type=\"image.default\">\n\t\t\t\t<div class=\"elementor-widget-container\">\n\t\t\t\t\t\t\t\t\t\t\t\t\t<img decoding=\"async\" width=\"800\" height=\"593\" src=\"https:\/\/ecomof.org\/wp-content\/uploads\/2024\/02\/Golden-Tulip.jpg\" class=\"attachment-large size-large wp-image-2114\" alt=\"\" srcset=\"https:\/\/ecomof.org\/wp-content\/uploads\/2024\/02\/Golden-Tulip.jpg 972w, https:\/\/ecomof.org\/wp-content\/uploads\/2024\/02\/Golden-Tulip-300x222.jpg 300w, https:\/\/ecomof.org\/wp-content\/uploads\/2024\/02\/Golden-Tulip-768x569.jpg 768w, https:\/\/ecomof.org\/wp-content\/uploads\/2024\/02\/Golden-Tulip-16x12.jpg 16w\" sizes=\"(max-width: 800px) 100vw, 800px\" \/>\t\t\t\t\t\t\t\t\t\t\t\t\t<\/div>\n\t\t\t\t<\/div>\n\t\t\t\t<div class=\"elementor-element elementor-element-c74c706 elementor-widget elementor-widget-heading\" data-id=\"c74c706\" data-element_type=\"widget\" data-widget_type=\"heading.default\">\n\t\t\t\t<div class=\"elementor-widget-container\">\n\t\t\t<h2 class=\"elementor-heading-title elementor-size-default\">Golden Tulip<\/h2>\t\t<\/div>\n\t\t\t\t<\/div>\n\t\t\t\t<div class=\"elementor-element elementor-element-9156e15 elementor-widget elementor-widget-text-editor\" data-id=\"9156e15\" data-element_type=\"widget\" data-widget_type=\"text-editor.default\">\n\t\t\t\t<div class=\"elementor-widget-container\">\n\t\t\t\t\t\t\t<p>Pour r\u00e9server \u00e0 l\u2019h\u00f4tel le Diplomate de Cotonou, veuillez \u00e9crire par mail \u00e0 <a href=\"mailto:reservation@goldentuliplediplomatecotonou.com\"><u>reservation@goldentuliplediplomatecotonou.com<\/u><\/a>\u00a0ou contacter le +229 98 30 02 00 (WhatsApp)<\/p>\t\t\t\t\t\t<\/div>\n\t\t\t\t<\/div>\n\t\t\t\t\t<\/div>\n\t\t<\/div>\n\t\t\t\t\t<\/div>\n\t\t<\/section>\n\t\t\t\t<section data-particle_enable=\"false\" data-particle-mobile-disabled=\"false\" class=\"elementor-section elementor-inner-section elementor-element elementor-element-17f054a elementor-section-boxed elementor-section-height-default elementor-section-height-default\" data-id=\"17f054a\" data-element_type=\"section\">\n\t\t\t\t\t\t<div class=\"elementor-container elementor-column-gap-default\">\n\t\t\t\t\t<div class=\"elementor-column elementor-col-33 elementor-inner-column elementor-element elementor-element-0f7a5d9\" data-id=\"0f7a5d9\" data-element_type=\"column\">\n\t\t\t<div class=\"elementor-widget-wrap elementor-element-populated\">\n\t\t\t\t\t\t<div class=\"elementor-element elementor-element-ab2e816 elementor-widget elementor-widget-image\" data-id=\"ab2e816\" data-element_type=\"widget\" data-widget_type=\"image.default\">\n\t\t\t\t<div class=\"elementor-widget-container\">\n\t\t\t\t\t\t\t\t\t\t\t\t\t<img loading=\"lazy\" decoding=\"async\" width=\"800\" height=\"588\" src=\"https:\/\/ecomof.org\/wp-content\/uploads\/2024\/02\/Azalai-1024x753.jpg\" class=\"attachment-large size-large wp-image-2113\" alt=\"\" srcset=\"https:\/\/ecomof.org\/wp-content\/uploads\/2024\/02\/Azalai-1024x753.jpg 1024w, https:\/\/ecomof.org\/wp-content\/uploads\/2024\/02\/Azalai-300x221.jpg 300w, https:\/\/ecomof.org\/wp-content\/uploads\/2024\/02\/Azalai-768x565.jpg 768w, https:\/\/ecomof.org\/wp-content\/uploads\/2024\/02\/Azalai-16x12.jpg 16w, https:\/\/ecomof.org\/wp-content\/uploads\/2024\/02\/Azalai.jpg 1306w\" sizes=\"(max-width: 800px) 100vw, 800px\" \/>\t\t\t\t\t\t\t\t\t\t\t\t\t<\/div>\n\t\t\t\t<\/div>\n\t\t\t\t<div class=\"elementor-element elementor-element-81e8244 elementor-widget elementor-widget-heading\" data-id=\"81e8244\" data-element_type=\"widget\" data-widget_type=\"heading.default\">\n\t\t\t\t<div class=\"elementor-widget-container\">\n\t\t\t<h2 class=\"elementor-heading-title elementor-size-default\">Azala\u00ef H\u00f4tel<\/h2>\t\t<\/div>\n\t\t\t\t<\/div>\n\t\t\t\t<div class=\"elementor-element elementor-element-ea56c18 elementor-widget elementor-widget-text-editor\" data-id=\"ea56c18\" data-element_type=\"widget\" data-widget_type=\"text-editor.default\">\n\t\t\t\t<div class=\"elementor-widget-container\">\n\t\t\t\t\t\t\t<p>Pour r\u00e9server \u00e0 Azala\u00ef h\u00f4tel Cotonou, veuillez \u00e9crire \u00e0 <a href=\"mailto:brenda.deguenon@azalaihotels.com\"><u>brenda.deguenon@azalaihotels.com<\/u><\/a>\u00a0or <a href=\"mailto:aurore.gbedonou@azalaihotels.com\"><u>aurore.gbedonou@azalaihotels.com<\/u><\/a>\u00a0et mettre en copie <a href=\"mailto:djamal.tairou@azalaihotels.com\"><u>djamal.tairou@azalaihotels.com<\/u><\/a>\u00a0ou contacter +229 64 94 16 16<\/p>\t\t\t\t\t\t<\/div>\n\t\t\t\t<\/div>\n\t\t\t\t\t<\/div>\n\t\t<\/div>\n\t\t\t\t<div class=\"elementor-column elementor-col-33 elementor-inner-column elementor-element elementor-element-3e6698a\" data-id=\"3e6698a\" data-element_type=\"column\">\n\t\t\t<div class=\"elementor-widget-wrap elementor-element-populated\">\n\t\t\t\t\t\t<div class=\"elementor-element elementor-element-d719560 elementor-widget elementor-widget-image\" data-id=\"d719560\" data-element_type=\"widget\" data-widget_type=\"image.default\">\n\t\t\t\t<div class=\"elementor-widget-container\">\n\t\t\t\t\t\t\t\t\t\t\t\t\t<img loading=\"lazy\" decoding=\"async\" width=\"742\" height=\"542\" src=\"https:\/\/ecomof.org\/wp-content\/uploads\/2024\/02\/benin-royal-hotel-exterior-fdec936-e1707514831320.jpg\" class=\"attachment-large size-large wp-image-2112\" alt=\"\" srcset=\"https:\/\/ecomof.org\/wp-content\/uploads\/2024\/02\/benin-royal-hotel-exterior-fdec936-e1707514831320.jpg 742w, https:\/\/ecomof.org\/wp-content\/uploads\/2024\/02\/benin-royal-hotel-exterior-fdec936-e1707514831320-300x219.jpg 300w, https:\/\/ecomof.org\/wp-content\/uploads\/2024\/02\/benin-royal-hotel-exterior-fdec936-e1707514831320-16x12.jpg 16w\" sizes=\"(max-width: 742px) 100vw, 742px\" \/>\t\t\t\t\t\t\t\t\t\t\t\t\t<\/div>\n\t\t\t\t<\/div>\n\t\t\t\t<div class=\"elementor-element elementor-element-ba6eb4a elementor-widget elementor-widget-heading\" data-id=\"ba6eb4a\" data-element_type=\"widget\" data-widget_type=\"heading.default\">\n\t\t\t\t<div class=\"elementor-widget-container\">\n\t\t\t<h2 class=\"elementor-heading-title elementor-size-default\">B\u00e9nin Royal<\/h2>\t\t<\/div>\n\t\t\t\t<\/div>\n\t\t\t\t<div class=\"elementor-element elementor-element-40f5a45 elementor-widget elementor-widget-text-editor\" data-id=\"40f5a45\" data-element_type=\"widget\" data-widget_type=\"text-editor.default\">\n\t\t\t\t<div class=\"elementor-widget-container\">\n\t\t\t\t\t\t\t<p>Pour r\u00e9server \u00e0 B\u00e9nin Royal H\u00f4tel , veuillez \u00e9crire un mail \u00e0 <a href=\"mailto:a.commercial@beninroyalhotel.com\"><u>a.commercial@beninroyalhotel.com<\/u><\/a>\u00a0or <a href=\"mailto:resar@beninroyalhotel.com\"><u>resar@beninroyalhotel.com<\/u><\/a>\u00a0ou contacter +229 65 90 90 99<\/p>\t\t\t\t\t\t<\/div>\n\t\t\t\t<\/div>\n\t\t\t\t\t<\/div>\n\t\t<\/div>\n\t\t\t\t<div class=\"elementor-column elementor-col-33 elementor-inner-column elementor-element elementor-element-804cc10\" data-id=\"804cc10\" data-element_type=\"column\">\n\t\t\t<div class=\"elementor-widget-wrap elementor-element-populated\">\n\t\t\t\t\t\t<div class=\"elementor-element elementor-element-2436bd6 elementor-widget elementor-widget-image\" data-id=\"2436bd6\" data-element_type=\"widget\" data-widget_type=\"image.default\">\n\t\t\t\t<div class=\"elementor-widget-container\">\n\t\t\t\t\t\t\t\t\t\t\t\t\t<img loading=\"lazy\" decoding=\"async\" width=\"800\" height=\"566\" src=\"https:\/\/ecomof.org\/wp-content\/uploads\/2024\/02\/Nobila-hotel-e1707515010145.jpg\" class=\"attachment-large size-large wp-image-2111\" alt=\"\" srcset=\"https:\/\/ecomof.org\/wp-content\/uploads\/2024\/02\/Nobila-hotel-e1707515010145.jpg 919w, https:\/\/ecomof.org\/wp-content\/uploads\/2024\/02\/Nobila-hotel-e1707515010145-300x212.jpg 300w, https:\/\/ecomof.org\/wp-content\/uploads\/2024\/02\/Nobila-hotel-e1707515010145-768x543.jpg 768w, https:\/\/ecomof.org\/wp-content\/uploads\/2024\/02\/Nobila-hotel-e1707515010145-18x12.jpg 18w\" sizes=\"(max-width: 800px) 100vw, 800px\" \/>\t\t\t\t\t\t\t\t\t\t\t\t\t<\/div>\n\t\t\t\t<\/div>\n\t\t\t\t<div class=\"elementor-element elementor-element-c6d338c elementor-widget elementor-widget-heading\" data-id=\"c6d338c\" data-element_type=\"widget\" data-widget_type=\"heading.default\">\n\t\t\t\t<div class=\"elementor-widget-container\">\n\t\t\t<h2 class=\"elementor-heading-title elementor-size-default\">Nobila h\u00f4tel<\/h2>\t\t<\/div>\n\t\t\t\t<\/div>\n\t\t\t\t<div class=\"elementor-element elementor-element-d8117a7 elementor-widget elementor-widget-text-editor\" data-id=\"d8117a7\" data-element_type=\"widget\" data-widget_type=\"text-editor.default\">\n\t\t\t\t<div class=\"elementor-widget-container\">\n\t\t\t\t\t\t\t<p>Pour effectuer votre r\u00e9servation, au tarif pr\u00e9f\u00e9rentiel de 69\u00a0350 FCFA (y compris le petit-d\u00e9jeuner) \u00e0 l\u2019h\u00f4tel Nobila Airport Cotonou B\u00e9nin, veuillez contacter directement le service de r\u00e9servation par mail \u00e0 l\u2019adresse <a href=\"mailto:reception@nobilaairporthotel.com\"><u>reception@nobilaairporthotel.com<\/u><\/a>\u00a0ou par t\u00e9l\u00e9phone +229 21 30 42 52 \/ 97 96 40 00 en pr\u00e9cisant le code ECOMOF2024<\/p>\t\t\t\t\t\t<\/div>\n\t\t\t\t<\/div>\n\t\t\t\t\t<\/div>\n\t\t<\/div>\n\t\t\t\t\t<\/div>\n\t\t<\/section>\n\t\t\t\t\t<\/div>\n\t\t<\/div>\n\t\t\t\t\t<\/div>\n\t\t<\/section>\n\t\t\t\t<\/div>","protected":false},"excerpt":{"rendered":"<p>H\u00e9bergement Quelques h\u00f4tels dans la villes de Cotonou Novotel Pour r\u00e9server \u00e0 Novotel et Ibis Cotonou, veuillez \u00e9crire \u00e0 rosar.johnson@accor.com\u00a0ou contacter le +229 58 06 70 71 H\u00f4tel Ibis Pour r\u00e9server \u00e0 Novotel et Ibis Cotonou, veuillez \u00e9crire \u00e0 rosar.johnson@accor.com\u00a0ou contacter le +229 58 06 70 71 Golden Tulip Pour r\u00e9server \u00e0 l\u2019h\u00f4tel le Diplomate [&hellip;]<\/p>","protected":false},"author":1,"featured_media":0,"parent":0,"menu_order":0,"comment_status":"closed","ping_status":"closed","template":"","meta":{"_eb_attr":"","footnotes":""},"yst_prominent_words":[],"class_list":["post-406","page","type-page","status-publish","hentry"],"_links":{"self":[{"href":"https:\/\/ecomof.org\/en\/wp-json\/wp\/v2\/pages\/406","targetHints":{"allow":["GET"]}}],"collection":[{"href":"https:\/\/ecomof.org\/en\/wp-json\/wp\/v2\/pages"}],"about":[{"href":"https:\/\/ecomof.org\/en\/wp-json\/wp\/v2\/types\/page"}],"author":[{"embeddable":true,"href":"https:\/\/ecomof.org\/en\/wp-json\/wp\/v2\/users\/1"}],"replies":[{"embeddable":true,"href":"https:\/\/ecomof.org\/en\/wp-json\/wp\/v2\/comments?post=406"}],"version-history":[{"count":16,"href":"https:\/\/ecomof.org\/en\/wp-json\/wp\/v2\/pages\/406\/revisions"}],"predecessor-version":[{"id":2125,"href":"https:\/\/ecomof.org\/en\/wp-json\/wp\/v2\/pages\/406\/revisions\/2125"}],"wp:attachment":[{"href":"https:\/\/ecomof.org\/en\/wp-json\/wp\/v2\/media?parent=406"}],"wp:term":[{"taxonomy":"yst_prominent_words","embeddable":true,"href":"https:\/\/ecomof.org\/en\/wp-json\/wp\/v2\/yst_prominent_words?post=406"}],"curies":[{"name":"wp","href":"https:\/\/api.w.org\/{rel}","templated":true}]}}