{"id":391,"date":"2023-10-11T15:21:15","date_gmt":"2023-10-11T15:21:15","guid":{"rendered":"https:\/\/ecomof.org\/?page_id=391"},"modified":"2024-02-11T15:40:29","modified_gmt":"2024-02-11T15:40:29","slug":"visiteurs-internationaux","status":"publish","type":"page","link":"https:\/\/ecomof.org\/en\/visiteurs-internationaux\/","title":{"rendered":"International visitors"},"content":{"rendered":"<div data-elementor-type=\"wp-page\" data-elementor-id=\"391\" class=\"elementor elementor-391\" data-elementor-post-type=\"page\">\n\t\t\t\t\t\t<section data-particle_enable=\"false\" data-particle-mobile-disabled=\"false\" class=\"elementor-section elementor-top-section elementor-element elementor-element-7832ab43 elementor-section-boxed elementor-section-height-default elementor-section-height-default\" data-id=\"7832ab43\" data-element_type=\"section\" data-settings=\"{&quot;background_background&quot;:&quot;classic&quot;}\">\n\t\t\t\t\t\t<div class=\"elementor-container elementor-column-gap-default\">\n\t\t\t\t\t<div class=\"elementor-column elementor-col-50 elementor-top-column elementor-element elementor-element-234feff9\" data-id=\"234feff9\" data-element_type=\"column\">\n\t\t\t<div class=\"elementor-widget-wrap elementor-element-populated\">\n\t\t\t\t\t\t<div class=\"elementor-element elementor-element-34584b86 elementor-widget elementor-widget-heading\" data-id=\"34584b86\" data-element_type=\"widget\" data-widget_type=\"heading.default\">\n\t\t\t\t<div class=\"elementor-widget-container\">\n\t\t\t<style>\/*! elementor - v3.19.0 - 07-02-2024 *\/\n.elementor-heading-title{padding:0;margin:0;line-height:1}.elementor-widget-heading .elementor-heading-title[class*=elementor-size-]>a{color:inherit;font-size:inherit;line-height:inherit}.elementor-widget-heading .elementor-heading-title.elementor-size-small{font-size:15px}.elementor-widget-heading .elementor-heading-title.elementor-size-medium{font-size:19px}.elementor-widget-heading .elementor-heading-title.elementor-size-large{font-size:29px}.elementor-widget-heading .elementor-heading-title.elementor-size-xl{font-size:39px}.elementor-widget-heading .elementor-heading-title.elementor-size-xxl{font-size:59px}<\/style><h2 class=\"elementor-heading-title elementor-size-default\">International visitors<\/h2>\t\t<\/div>\n\t\t\t\t<\/div>\n\t\t\t\t\t<\/div>\n\t\t<\/div>\n\t\t\t\t<div class=\"elementor-column elementor-col-50 elementor-top-column elementor-element elementor-element-cb77ee2 elementor-hidden-mobile\" data-id=\"cb77ee2\" data-element_type=\"column\">\n\t\t\t<div class=\"elementor-widget-wrap elementor-element-populated\">\n\t\t\t\t\t\t<div class=\"elementor-element elementor-element-6b2306ad elementor-align-right elementor-widget elementor-widget-breadcrumbs\" data-id=\"6b2306ad\" data-element_type=\"widget\" data-widget_type=\"breadcrumbs.default\">\n\t\t\t\t<div class=\"elementor-widget-container\">\n\t\t\t<link rel=\"stylesheet\" href=\"https:\/\/ecomof.org\/wp-content\/plugins\/elementor-pro\/assets\/css\/widget-theme-elements.min.css\"><p id=\"breadcrumbs\"><span><span class=\"breadcrumb_last\" aria-current=\"page\">Home<\/span><\/span><\/p>\t\t<\/div>\n\t\t\t\t<\/div>\n\t\t\t\t\t<\/div>\n\t\t<\/div>\n\t\t\t\t\t<\/div>\n\t\t<\/section>\n\t\t\t\t<section data-particle_enable=\"false\" data-particle-mobile-disabled=\"false\" class=\"elementor-section elementor-top-section elementor-element elementor-element-0069334 elementor-section-full_width elementor-section-height-default elementor-section-height-default\" data-id=\"0069334\" data-element_type=\"section\">\n\t\t\t\t\t\t<div class=\"elementor-container elementor-column-gap-default\">\n\t\t\t\t\t<div class=\"elementor-column elementor-col-100 elementor-top-column elementor-element elementor-element-fdee28a\" data-id=\"fdee28a\" data-element_type=\"column\">\n\t\t\t<div class=\"elementor-widget-wrap elementor-element-populated\">\n\t\t\t\t\t\t<section data-particle_enable=\"false\" data-particle-mobile-disabled=\"false\" class=\"elementor-section elementor-inner-section elementor-element elementor-element-53e8149 elementor-section-boxed elementor-section-height-default elementor-section-height-default\" data-id=\"53e8149\" data-element_type=\"section\">\n\t\t\t\t\t\t<div class=\"elementor-container elementor-column-gap-default\">\n\t\t\t\t\t<div class=\"elementor-column elementor-col-100 elementor-inner-column elementor-element elementor-element-70df750\" data-id=\"70df750\" data-element_type=\"column\">\n\t\t\t<div class=\"elementor-widget-wrap elementor-element-populated\">\n\t\t\t\t\t\t<div class=\"elementor-element elementor-element-4a69326 elementor-widget elementor-widget-heading\" data-id=\"4a69326\" data-element_type=\"widget\" data-widget_type=\"heading.default\">\n\t\t\t\t<div class=\"elementor-widget-container\">\n\t\t\t<h2 class=\"elementor-heading-title elementor-size-default\">International participations\n<\/h2>\t\t<\/div>\n\t\t\t\t<\/div>\n\t\t\t\t\t<\/div>\n\t\t<\/div>\n\t\t\t\t\t<\/div>\n\t\t<\/section>\n\t\t\t\t<section data-particle_enable=\"false\" data-particle-mobile-disabled=\"false\" class=\"elementor-section elementor-inner-section elementor-element elementor-element-8cc7fd1 elementor-section-boxed elementor-section-height-default elementor-section-height-default\" data-id=\"8cc7fd1\" data-element_type=\"section\">\n\t\t\t\t\t\t<div class=\"elementor-container elementor-column-gap-default\">\n\t\t\t\t\t<div class=\"elementor-column elementor-col-100 elementor-inner-column elementor-element elementor-element-9f6f2ca\" data-id=\"9f6f2ca\" data-element_type=\"column\">\n\t\t\t<div class=\"elementor-widget-wrap elementor-element-populated\">\n\t\t\t\t\t\t<div class=\"elementor-element elementor-element-1ab6079 elementor-widget elementor-widget-text-editor\" data-id=\"1ab6079\" data-element_type=\"widget\" data-widget_type=\"text-editor.default\">\n\t\t\t\t<div class=\"elementor-widget-container\">\n\t\t\t<style>\/*! elementor - v3.19.0 - 07-02-2024 *\/\n.elementor-widget-text-editor.elementor-drop-cap-view-stacked .elementor-drop-cap{background-color:#69727d;color:#fff}.elementor-widget-text-editor.elementor-drop-cap-view-framed .elementor-drop-cap{color:#69727d;border:3px solid;background-color:transparent}.elementor-widget-text-editor:not(.elementor-drop-cap-view-default) .elementor-drop-cap{margin-top:8px}.elementor-widget-text-editor:not(.elementor-drop-cap-view-default) .elementor-drop-cap-letter{width:1em;height:1em}.elementor-widget-text-editor .elementor-drop-cap{float:left;text-align:center;line-height:1;font-size:50px}.elementor-widget-text-editor .elementor-drop-cap-letter{display:inline-block}<\/style>\t\t\t\t<p>ECOMOF 2024 attracts leading international participation, bringing together government representatives, industry experts, investors and businesses from around the world. Delegations from ECOWAS member countries and beyond are actively participating, fostering international dialogue and collaboration. The diversity of participants contributes to a wealth of experience and perspectives, reinforcing the regional and global influence of the event. International participation in ECOMOF 2024 offers a unique opportunity to establish global connections, share best practice and foster sustainable partnerships in the mining and petroleum sectors in West Africa.<\/p>\t\t\t\t\t\t<\/div>\n\t\t\t\t<\/div>\n\t\t\t\t\t<\/div>\n\t\t<\/div>\n\t\t\t\t\t<\/div>\n\t\t<\/section>\n\t\t\t\t\t<\/div>\n\t\t<\/div>\n\t\t\t\t\t<\/div>\n\t\t<\/section>\n\t\t\t\t<section data-particle_enable=\"false\" data-particle-mobile-disabled=\"false\" class=\"elementor-section elementor-top-section elementor-element elementor-element-d3ed5e5 elementor-section-boxed elementor-section-height-default elementor-section-height-default\" data-id=\"d3ed5e5\" data-element_type=\"section\">\n\t\t\t\t\t\t<div class=\"elementor-container elementor-column-gap-default\">\n\t\t\t\t\t<div class=\"elementor-column elementor-col-50 elementor-top-column elementor-element elementor-element-e4886f3\" data-id=\"e4886f3\" data-element_type=\"column\">\n\t\t\t<div class=\"elementor-widget-wrap elementor-element-populated\">\n\t\t\t\t\t\t<div class=\"elementor-element elementor-element-a6edb00 elementor-widget elementor-widget-heading\" data-id=\"a6edb00\" data-element_type=\"widget\" data-widget_type=\"heading.default\">\n\t\t\t\t<div class=\"elementor-widget-container\">\n\t\t\t<h2 class=\"elementor-heading-title elementor-size-default\">Visa<\/h2>\t\t<\/div>\n\t\t\t\t<\/div>\n\t\t\t\t<div class=\"elementor-element elementor-element-a62b083 elementor-widget elementor-widget-text-editor\" data-id=\"a62b083\" data-element_type=\"widget\" data-widget_type=\"text-editor.default\">\n\t\t\t\t<div class=\"elementor-widget-container\">\n\t\t\t\t\t\t\t<p>The\u00a0<strong>visa for Benin<\/strong>\u00a0is an authorisation to travel to Benin, which is required both to enter the country and to stay there.<\/p><p>The visa is issued in the form of an electronic e-visa.\u00a0<strong>You can apply online<\/strong>\u00a0on the official platform of the Beninese authorities.<\/p><p>Please note: the slightest error will be paid for in cash. If you make a mistake when entering your details (passport number, surname, first name) or if there is a problem with the date, the visa issued will not be valid, and you may be denied boarding. This is why we advise you against obtaining your\u00a0<strong>Benin e-visa<\/strong>\u00a0by yourself.<\/p><p>It is possible to obtain a letter of invitation from ECOMOF, which will make it easier for you to obtain your visa. However, it is essential to note that the embassy or consulate retains sole decision-making authority with regard to the granting of your visa, and remains your sole point of contact for any additional questions.<\/p><p>It is important to stress that the letter of invitation does NOT confer the right of access to the 4th ECOWAS Mining and Petroleum Forum (ECOMOF 2024). It is simply a support document for obtaining your visa from the Beninese embassy or consulate.<\/p><p><strong>It is important to stress that the letter of invitation does NOT confer the right of access to the 4th ECOWAS Mining and Petroleum Forum (ECOMOF 2024). It is simply a support document for obtaining your visa from the Beninese embassy or consulate.<\/strong><\/p><p>Get your visa online at <a href=\"https:\/\/evisa.bj\/\" target=\"_blank\" rel=\"noopener\">https:\/\/evisa.bj\/<\/a><\/p>\t\t\t\t\t\t<\/div>\n\t\t\t\t<\/div>\n\t\t\t\t\t<\/div>\n\t\t<\/div>\n\t\t\t\t<div class=\"elementor-column elementor-col-50 elementor-top-column elementor-element elementor-element-7f8c46d\" data-id=\"7f8c46d\" data-element_type=\"column\">\n\t\t\t<div class=\"elementor-widget-wrap elementor-element-populated\">\n\t\t\t\t\t\t<div class=\"elementor-element elementor-element-7625f92 elementor-widget elementor-widget-image\" data-id=\"7625f92\" data-element_type=\"widget\" data-widget_type=\"image.default\">\n\t\t\t\t<div class=\"elementor-widget-container\">\n\t\t\t<style>\/*! elementor - v3.19.0 - 07-02-2024 *\/\n.elementor-widget-image{text-align:center}.elementor-widget-image a{display:inline-block}.elementor-widget-image a img[src$=\".svg\"]{width:48px}.elementor-widget-image img{vertical-align:middle;display:inline-block}<\/style>\t\t\t\t\t\t\t\t\t\t<img fetchpriority=\"high\" decoding=\"async\" width=\"800\" height=\"868\" src=\"https:\/\/ecomof.org\/wp-content\/uploads\/2023\/10\/visa-01_Plan-de-travail-1-944x1024.jpg\" class=\"attachment-large size-large wp-image-624\" alt=\"\" srcset=\"https:\/\/ecomof.org\/wp-content\/uploads\/2023\/10\/visa-01_Plan-de-travail-1-944x1024.jpg 944w, https:\/\/ecomof.org\/wp-content\/uploads\/2023\/10\/visa-01_Plan-de-travail-1-277x300.jpg 277w, https:\/\/ecomof.org\/wp-content\/uploads\/2023\/10\/visa-01_Plan-de-travail-1-768x833.jpg 768w, https:\/\/ecomof.org\/wp-content\/uploads\/2023\/10\/visa-01_Plan-de-travail-1-1416x1536.jpg 1416w, https:\/\/ecomof.org\/wp-content\/uploads\/2023\/10\/visa-01_Plan-de-travail-1-1888x2048.jpg 1888w, https:\/\/ecomof.org\/wp-content\/uploads\/2023\/10\/visa-01_Plan-de-travail-1-11x12.jpg 11w\" sizes=\"(max-width: 800px) 100vw, 800px\" \/>\t\t\t\t\t\t\t\t\t\t\t\t\t<\/div>\n\t\t\t\t<\/div>\n\t\t\t\t\t<\/div>\n\t\t<\/div>\n\t\t\t\t\t<\/div>\n\t\t<\/section>\n\t\t\t\t<section data-particle_enable=\"false\" data-particle-mobile-disabled=\"false\" class=\"elementor-section elementor-top-section elementor-element elementor-element-8befc13 elementor-section-boxed elementor-section-height-default elementor-section-height-default\" data-id=\"8befc13\" data-element_type=\"section\">\n\t\t\t\t\t\t<div class=\"elementor-container elementor-column-gap-default\">\n\t\t\t\t\t<div class=\"elementor-column elementor-col-50 elementor-top-column elementor-element elementor-element-63be7e0\" data-id=\"63be7e0\" data-element_type=\"column\">\n\t\t\t<div class=\"elementor-widget-wrap elementor-element-populated\">\n\t\t\t\t\t\t<div class=\"elementor-element elementor-element-6c82990 elementor-widget elementor-widget-heading\" data-id=\"6c82990\" data-element_type=\"widget\" data-widget_type=\"heading.default\">\n\t\t\t\t<div class=\"elementor-widget-container\">\n\t\t\t<h2 class=\"elementor-heading-title elementor-size-default\">Vaccination<\/h2>\t\t<\/div>\n\t\t\t\t<\/div>\n\t\t\t\t<div class=\"elementor-element elementor-element-4577229 elementor-widget elementor-widget-text-editor\" data-id=\"4577229\" data-element_type=\"widget\" data-widget_type=\"text-editor.default\">\n\t\t\t\t<div class=\"elementor-widget-container\">\n\t\t\t\t\t\t\t<p><strong><b>Hepatitis A\u00a0<\/b><\/strong><\/p><p>1 injection 15 days before departure, booster 1 to 3 (5) years later, children: from the age of 1;<\/p><p><strong><b>Yellow fever\u00a0<\/b><\/strong><\/p><p>1 injection to be given at least 10 days before departure, children: from the age of 9 months (between 6 and 9 months, only in special circumstances).\u00a0<\/p><p>NB: Travellers aged 9 months and over, whatever their origin, are required to have a certificate of immunisation against yellow fever before entering the country.<br \/>Administrative validity: for life.\u00a0<\/p><p>The requirement for ten-yearly booster doses has been abolished, but a second dose of amaril vaccine is still recommended in certain circumstances, as set out in the<a href=\"https:\/\/www.hcsp.fr\/Explore.cgi\/avisrapportsdomaine?clefr=531\" target=\"_blank\" rel=\"noopener\"><u>Opinion of the French High Council for Public Health of 23 October 2015<\/u><\/a>.<\/p><p><strong><b>Depending on the type of holiday :<\/b><\/strong><\/p><p><strong><b>Hepatitis B<\/b><\/strong><\/p><p>For long or repeated stays: two injections one month apart, with a single booster 6 months later.<\/p><p>When immunity must be acquired quickly (in the event of an imminent departure), an accelerated schedule comprising three doses given close together on D0, D7, D21 and a fourth dose 1 year later can be used, only in adults.<\/p><p><strong><b>Meningococcal meningitis<\/b><\/strong><\/p><p>In the event of a prolonged stay in close contact with the local population, or during an epidemic period: one injection at least 10 days before departure;\u00a0\u00a0\u00a0<\/p><p><strong><b>Typhoid<\/b><\/strong><\/p><p>If you are staying for a long time or in unhygienic conditions (children aged 2 and over): one injection 15 days before departure.<\/p><p>Source :<a href=\"https:\/\/www.pasteur.fr\/fr\/centre-medical\/preparer-son-voyage\/benin\" target=\"_blank\" rel=\"noopener\">https:\/\/www.pasteur.fr\/fr\/centre-medical\/preparer-son-voyage\/benin<\/a><\/p>\t\t\t\t\t\t<\/div>\n\t\t\t\t<\/div>\n\t\t\t\t\t<\/div>\n\t\t<\/div>\n\t\t\t\t<div class=\"elementor-column elementor-col-50 elementor-top-column elementor-element elementor-element-60ba469\" data-id=\"60ba469\" data-element_type=\"column\">\n\t\t\t<div class=\"elementor-widget-wrap elementor-element-populated\">\n\t\t\t\t\t\t<div class=\"elementor-element elementor-element-24a18f4 elementor-widget elementor-widget-image\" data-id=\"24a18f4\" data-element_type=\"widget\" data-widget_type=\"image.default\">\n\t\t\t\t<div class=\"elementor-widget-container\">\n\t\t\t\t\t\t\t\t\t\t\t\t\t<img decoding=\"async\" width=\"800\" height=\"450\" src=\"https:\/\/ecomof.org\/wp-content\/uploads\/2023\/10\/young-asian-lady-nurse-giving-covid-19-flu-antivirus-vaccine-shot-senior-male-patient-1024x576.jpg\" class=\"attachment-large size-large wp-image-637\" alt=\"\" srcset=\"https:\/\/ecomof.org\/wp-content\/uploads\/2023\/10\/young-asian-lady-nurse-giving-covid-19-flu-antivirus-vaccine-shot-senior-male-patient-1024x576.jpg 1024w, https:\/\/ecomof.org\/wp-content\/uploads\/2023\/10\/young-asian-lady-nurse-giving-covid-19-flu-antivirus-vaccine-shot-senior-male-patient-300x169.jpg 300w, https:\/\/ecomof.org\/wp-content\/uploads\/2023\/10\/young-asian-lady-nurse-giving-covid-19-flu-antivirus-vaccine-shot-senior-male-patient-768x432.jpg 768w, https:\/\/ecomof.org\/wp-content\/uploads\/2023\/10\/young-asian-lady-nurse-giving-covid-19-flu-antivirus-vaccine-shot-senior-male-patient-18x10.jpg 18w, https:\/\/ecomof.org\/wp-content\/uploads\/2023\/10\/young-asian-lady-nurse-giving-covid-19-flu-antivirus-vaccine-shot-senior-male-patient.jpg 1536w\" sizes=\"(max-width: 800px) 100vw, 800px\" \/>\t\t\t\t\t\t\t\t\t\t\t\t\t<\/div>\n\t\t\t\t<\/div>\n\t\t\t\t\t<\/div>\n\t\t<\/div>\n\t\t\t\t\t<\/div>\n\t\t<\/section>\n\t\t\t\t<\/div>","protected":false},"excerpt":{"rendered":"<p>Visiteurs internationaux Participations internationaux L&#8217;ECOMOF 2024 attire des participations internationales de premier plan, r\u00e9unissant des repr\u00e9sentants gouvernementaux, des experts de l&#8217;industrie, des investisseurs et des entreprises du monde entier. Des d\u00e9l\u00e9gations de pays membres de la CEDEAO et au-del\u00e0 participent activement, favorisant le dialogue et la collaboration \u00e0 l&#8217;\u00e9chelle internationale. La diversit\u00e9 des participants contribue [&hellip;]<\/p>","protected":false},"author":1,"featured_media":1352,"parent":0,"menu_order":0,"comment_status":"closed","ping_status":"closed","template":"","meta":{"_eb_attr":"","footnotes":""},"yst_prominent_words":[],"class_list":["post-391","page","type-page","status-publish","has-post-thumbnail","hentry"],"_links":{"self":[{"href":"https:\/\/ecomof.org\/en\/wp-json\/wp\/v2\/pages\/391","targetHints":{"allow":["GET"]}}],"collection":[{"href":"https:\/\/ecomof.org\/en\/wp-json\/wp\/v2\/pages"}],"about":[{"href":"https:\/\/ecomof.org\/en\/wp-json\/wp\/v2\/types\/page"}],"author":[{"embeddable":true,"href":"https:\/\/ecomof.org\/en\/wp-json\/wp\/v2\/users\/1"}],"replies":[{"embeddable":true,"href":"https:\/\/ecomof.org\/en\/wp-json\/wp\/v2\/comments?post=391"}],"version-history":[{"count":29,"href":"https:\/\/ecomof.org\/en\/wp-json\/wp\/v2\/pages\/391\/revisions"}],"predecessor-version":[{"id":2131,"href":"https:\/\/ecomof.org\/en\/wp-json\/wp\/v2\/pages\/391\/revisions\/2131"}],"wp:featuredmedia":[{"embeddable":true,"href":"https:\/\/ecomof.org\/en\/wp-json\/wp\/v2\/media\/1352"}],"wp:attachment":[{"href":"https:\/\/ecomof.org\/en\/wp-json\/wp\/v2\/media?parent=391"}],"wp:term":[{"taxonomy":"yst_prominent_words","embeddable":true,"href":"https:\/\/ecomof.org\/en\/wp-json\/wp\/v2\/yst_prominent_words?post=391"}],"curies":[{"name":"wp","href":"https:\/\/api.w.org\/{rel}","templated":true}]}}